{"id":1224,"date":"2022-12-01T22:05:07","date_gmt":"2022-12-01T22:05:07","guid":{"rendered":"https:\/\/nuovarivetteriabolognese.it\/?page_id=1224"},"modified":"2023-06-19T11:40:44","modified_gmt":"2023-06-19T11:40:44","slug":"prodotti","status":"publish","type":"page","link":"https:\/\/nuovarivetteriabolognese.it\/de\/prodotti\/","title":{"rendered":"Produkte"},"content":{"rendered":"<div class=\"vce-row-container\" data-vce-boxed-width=\"true\"><div class=\"vce-row vce-row--col-gap-30 vce-row-equal-height vce-row-content--top\" id=\"el-12b902cb\" data-vce-do-apply=\"all el-12b902cb\"><div class=\"vce-content-background-container\"><\/div><div class=\"vce-row-content\" data-vce-element-content=\"true\"><div class=\"vce-col vce-col--md-auto vce-col--xs-1 vce-col--xs-last vce-col--xs-first vce-col--sm-last vce-col--sm-first vce-col--md-last vce-col--lg-last vce-col--xl-last vce-col--md-first vce-col--lg-first vce-col--xl-first\" id=\"el-ca0020bf\"><div class=\"vce-col-inner\" data-vce-do-apply=\"border margin background  el-ca0020bf\"><div class=\"vce-col-content\" data-vce-element-content=\"true\" data-vce-do-apply=\"padding el-ca0020bf\"><section class=\"vce-hero-section-container vce-hero-section-media--xs vce-hero-section-media--sm vce-hero-section-media--md vce-hero-section-media--lg vce-hero-section-media--xl\"><div class=\"vce vce-hero-section\" id=\"el-585dc47e\" data-vce-do-apply=\"margin background border  el-585dc47e\"><div class=\"vce-hero-section--wrap-row\"><div class=\"vce-hero-section--wrap\"><div class=\"vce-hero-section--content\" data-vce-do-apply=\"padding el-585dc47e\"><div class=\"vce-hero-section--content-container\"><\/div><div><\/div><\/div><\/div><\/div><\/div><\/section><\/div><\/div><\/div><\/div><\/div><\/div><div class=\"vce-row-container\" data-vce-boxed-width=\"true\"><div class=\"vce-row vce-row--col-gap-30 vce-row-equal-height vce-row-content--top\" id=\"el-1fd8f5ea\" data-vce-do-apply=\"all el-1fd8f5ea\"><div class=\"vce-content-background-container\"><\/div><div class=\"vce-row-content\" data-vce-element-content=\"true\"><div class=\"vce-col vce-col--md-auto vce-col--xs-1 vce-col--xs-last vce-col--xs-first vce-col--sm-last vce-col--sm-first vce-col--md-first vce-col--lg-first vce-col--xl-first\" id=\"el-282c5d6d\"><div class=\"vce-col-inner\" data-vce-do-apply=\"border margin background  el-282c5d6d\"><div class=\"vce-col-content\" data-vce-element-content=\"true\" data-vce-do-apply=\"padding el-282c5d6d\"><div class=\"vce-single-image-container vce-single-image--align-center\"><div class=\"vce vce-single-image-wrapper\" id=\"el-f10fad67\" data-vce-do-apply=\"all el-f10fad67\"><figure><div class=\"vce-single-image-figure-inner\" style=\"width: 281px;\"><a href=\"https:\/\/nuovarivetteriabolognese.it\/automotive-e-ricambistica\/\" title=\"\" target=\"_blank\" class=\"vce-single-image-inner vce-single-image--absolute\" style=\"width: 100%; padding-bottom: 73.3096%;\" rel=\"noopener\"><img loading=\"lazy\" decoding=\"async\" class=\"vce-single-image\"  width=\"281\" height=\"206\" srcset=\"https:\/\/nuovarivetteriabolognese.it\/wp-content\/uploads\/2023\/06\/1-car-281x206.jpg 281w\" src=\"https:\/\/nuovarivetteriabolognese.it\/wp-content\/uploads\/2023\/06\/1-car-281x206.jpg\" data-img-src=\"https:\/\/nuovarivetteriabolognese.it\/wp-content\/uploads\/2022\/12\/1-car.jpg\" data-attachment-id=\"1248\"  alt=\"\" title=\"1-car\" \/><\/a><\/div><figcaption hidden=\"\"><\/figcaption><\/figure><\/div><\/div><div class=\"vce-text-block\"><div class=\"vce-text-block-wrapper vce\" id=\"el-7a6520e2\" data-vce-do-apply=\"all el-7a6520e2\"><h2 style=\"text-align: center;\">Automotive Und Ersatzteile<\/h2>\n<p style=\"text-align: center;\">Teile f\u00fcr Karosserie, Bremssysteme, Turbomotoren usw. \u2026<\/p><\/div><\/div><\/div><\/div><\/div><div class=\"vce-col vce-col--md-auto vce-col--xs-1 vce-col--xs-last vce-col--xs-first vce-col--sm-last vce-col--sm-first\" id=\"el-1ea4b3ec\"><div class=\"vce-col-inner\" data-vce-do-apply=\"border margin background  el-1ea4b3ec\"><div class=\"vce-col-content\" data-vce-element-content=\"true\" data-vce-do-apply=\"padding el-1ea4b3ec\"><div class=\"vce-single-image-container vce-single-image--align-center\"><div class=\"vce vce-single-image-wrapper\" id=\"el-6b5321f4\" data-vce-do-apply=\"all el-6b5321f4\"><figure><div class=\"vce-single-image-figure-inner\" style=\"width: 281px;\"><a href=\"https:\/\/nuovarivetteriabolognese.it\/mobili-elettrodomestici-e-serramenti\/\" title=\"\" target=\"_blank\" class=\"vce-single-image-inner vce-single-image--absolute\" style=\"width: 100%; padding-bottom: 73.3096%;\" rel=\"noopener\"><img loading=\"lazy\" decoding=\"async\" class=\"vce-single-image\"  width=\"281\" height=\"206\" srcset=\"https:\/\/nuovarivetteriabolognese.it\/wp-content\/uploads\/2023\/06\/mobili2-281x206.jpg 281w\" src=\"https:\/\/nuovarivetteriabolognese.it\/wp-content\/uploads\/2023\/06\/mobili2-281x206.jpg\" data-img-src=\"https:\/\/nuovarivetteriabolognese.it\/wp-content\/uploads\/2022\/12\/mobili2.jpg\" data-attachment-id=\"1254\"  alt=\"\" title=\"mobili2\" \/><\/a><\/div><figcaption hidden=\"\"><\/figcaption><\/figure><\/div><\/div><div class=\"vce-text-block\"><div class=\"vce-text-block-wrapper vce\" id=\"el-694baf6c\" data-vce-do-apply=\"all el-694baf6c\"><h2 style=\"text-align: center;\">M\u00f6bel, Elektrohaushaltsger\u00e4te, T\u00fcren Und Fenster<\/h2>\n<p style=\"text-align: center;\">Teile f\u00fcr Scharniere, Gelenke, F\u00fchrungen f\u00fcr Schubladen, Nivellierf\u00fc\u00dfe, Handgriffe, Schl\u00f6sser, T\u00fcren, Fensterfl\u00fcgel, Dreh- und Kipp-Beschl\u00e4ge, Fensterl\u00e4den, Schlitten, usw. \u2026<\/p><\/div><\/div><\/div><\/div><\/div><div class=\"vce-col vce-col--md-auto vce-col--xs-1 vce-col--xs-last vce-col--xs-first vce-col--sm-last vce-col--sm-first\" id=\"el-fddf1c82\"><div class=\"vce-col-inner\" data-vce-do-apply=\"border margin background  el-fddf1c82\"><div class=\"vce-col-content\" data-vce-element-content=\"true\" data-vce-do-apply=\"padding el-fddf1c82\"><div class=\"vce-single-image-container vce-single-image--align-center\"><div class=\"vce vce-single-image-wrapper\" id=\"el-fa985b74\" data-vce-do-apply=\"all el-fa985b74\"><figure><div class=\"vce-single-image-figure-inner\" style=\"width: 281px;\"><a href=\"https:\/\/nuovarivetteriabolognese.it\/elettrotecnica-e-telecomunicazioni\/\" title=\"\" target=\"_blank\" class=\"vce-single-image-inner vce-single-image--absolute\" style=\"width: 100%; padding-bottom: 73.3096%;\" rel=\"noopener\"><img loading=\"lazy\" decoding=\"async\" class=\"vce-single-image\"  width=\"281\" height=\"206\" srcset=\"https:\/\/nuovarivetteriabolognese.it\/wp-content\/uploads\/2023\/06\/3-elettrotecnica-281x206.jpg 281w\" src=\"https:\/\/nuovarivetteriabolognese.it\/wp-content\/uploads\/2023\/06\/3-elettrotecnica-281x206.jpg\" data-img-src=\"https:\/\/nuovarivetteriabolognese.it\/wp-content\/uploads\/2022\/12\/3-elettrotecnica.jpg\" data-attachment-id=\"1253\"  alt=\"\" title=\"3-elettrotecnica\" \/><\/a><\/div><figcaption hidden=\"\"><\/figcaption><\/figure><\/div><\/div><div class=\"vce-text-block\"><div class=\"vce-text-block-wrapper vce\" id=\"el-49771ac5\" data-vce-do-apply=\"all el-49771ac5\"><h2 style=\"text-align: center;\">Elektrotechnik und Telekommunikation<\/h2>\n<p style=\"text-align: center;\">Teile f\u00fcr Dioden, Kondensatoren, Tosbecken, Elektromotoren, Schaltschr\u00e4nke, Fernschalters, usw. \u2026<\/p><\/div><\/div><\/div><\/div><\/div><div class=\"vce-col vce-col--md-auto vce-col--xs-1 vce-col--xs-last vce-col--xs-first vce-col--sm-last vce-col--sm-first vce-col--md-last vce-col--lg-last vce-col--xl-last\" id=\"el-82888593\"><div class=\"vce-col-inner\" data-vce-do-apply=\"border margin background  el-82888593\"><div class=\"vce-col-content\" data-vce-element-content=\"true\" data-vce-do-apply=\"padding el-82888593\"><div class=\"vce-single-image-container vce-single-image--align-center\"><div class=\"vce vce-single-image-wrapper\" id=\"el-d60409e8\" data-vce-do-apply=\"all el-d60409e8\"><figure><div class=\"vce-single-image-figure-inner\" style=\"width: 281px;\"><a href=\"https:\/\/nuovarivetteriabolognese.it\/edilizia\/\" title=\"\" target=\"_blank\" class=\"vce-single-image-inner vce-single-image--absolute\" style=\"width: 100%; padding-bottom: 73.3096%;\" rel=\"noopener\"><img loading=\"lazy\" decoding=\"async\" class=\"vce-single-image\"  width=\"281\" height=\"206\" srcset=\"https:\/\/nuovarivetteriabolognese.it\/wp-content\/uploads\/2023\/06\/4-edilizia-1-281x206.jpg 281w\" src=\"https:\/\/nuovarivetteriabolognese.it\/wp-content\/uploads\/2023\/06\/4-edilizia-1-281x206.jpg\" data-img-src=\"https:\/\/nuovarivetteriabolognese.it\/wp-content\/uploads\/2022\/12\/4-edilizia-1.jpg\" data-attachment-id=\"1255\"  alt=\"\" title=\"4-edilizia\" \/><\/a><\/div><figcaption hidden=\"\"><\/figcaption><\/figure><\/div><\/div><div class=\"vce-text-block\"><div class=\"vce-text-block-wrapper vce\" id=\"el-c1336d2b\" data-vce-do-apply=\"all el-c1336d2b\"><h2 style=\"text-align: center;\">Innen- und Au\u00dfenbau<\/h2>\n<p style=\"text-align: center;\">Teile f\u00fcr Treppen, Bedachung, D\u00fcbel  usw. \u2026<\/p><\/div><\/div><\/div><\/div><\/div><\/div><\/div><\/div><div class=\"vce-row-container\" data-vce-boxed-width=\"true\"><div class=\"vce-row vce-row--col-gap-30 vce-row-equal-height vce-row-content--top\" id=\"el-eeda3e46\" data-vce-do-apply=\"all el-eeda3e46\"><div class=\"vce-content-background-container\"><\/div><div class=\"vce-row-content\" data-vce-element-content=\"true\"><div class=\"vce-col vce-col--md-auto vce-col--xs-1 vce-col--xs-last vce-col--xs-first vce-col--sm-last vce-col--sm-first vce-col--md-first vce-col--lg-first vce-col--xl-first\" id=\"el-f1e5bc35\"><div class=\"vce-col-inner\" data-vce-do-apply=\"border margin background  el-f1e5bc35\"><div class=\"vce-col-content\" data-vce-element-content=\"true\" data-vce-do-apply=\"padding el-f1e5bc35\"><div class=\"vce-single-image-container vce-single-image--align-center\"><div class=\"vce vce-single-image-wrapper\" id=\"el-54b000a7\" data-vce-do-apply=\"all el-54b000a7\"><figure><div class=\"vce-single-image-figure-inner\" style=\"width: 281px;\"><a href=\"https:\/\/nuovarivetteriabolognese.it\/medicale\/\" title=\"\" target=\"_blank\" class=\"vce-single-image-inner vce-single-image--absolute\" style=\"width: 100%; padding-bottom: 73.3096%;\" rel=\"noopener\"><img loading=\"lazy\" decoding=\"async\" class=\"vce-single-image\"  width=\"281\" height=\"206\" srcset=\"https:\/\/nuovarivetteriabolognese.it\/wp-content\/uploads\/2023\/06\/5-PROTESI-281x206.jpg 281w\" src=\"https:\/\/nuovarivetteriabolognese.it\/wp-content\/uploads\/2023\/06\/5-PROTESI-281x206.jpg\" data-img-src=\"https:\/\/nuovarivetteriabolognese.it\/wp-content\/uploads\/2022\/12\/5-PROTESI.jpg\" data-attachment-id=\"1251\"  alt=\"\" title=\"5-PROTESI\" \/><\/a><\/div><figcaption hidden=\"\"><\/figcaption><\/figure><\/div><\/div><div class=\"vce-text-block\"><div class=\"vce-text-block-wrapper vce\" id=\"el-c797f73e\" data-vce-do-apply=\"all el-c797f73e\"><h2 style=\"text-align: center;\">Medizin<\/h2>\n<p style=\"text-align: center;\">Teile f\u00fcr Korsetts, Prothesen und Orthop\u00e4die.<\/p><\/div><\/div><\/div><\/div><\/div><div class=\"vce-col vce-col--md-auto vce-col--xs-1 vce-col--xs-last vce-col--xs-first vce-col--sm-last vce-col--sm-first\" id=\"el-080c3d45\"><div class=\"vce-col-inner\" data-vce-do-apply=\"border margin background  el-080c3d45\"><div class=\"vce-col-content\" data-vce-element-content=\"true\" data-vce-do-apply=\"padding el-080c3d45\"><div class=\"vce-single-image-container vce-single-image--align-center\"><div class=\"vce vce-single-image-wrapper\" id=\"el-f21e0c38\" data-vce-do-apply=\"all el-f21e0c38\"><figure><div class=\"vce-single-image-figure-inner\" style=\"width: 281px;\"><a href=\"https:\/\/nuovarivetteriabolognese.it\/ruote-fascette-cartotecnica-attrezzatura-sportiva\/\" title=\"\" target=\"_blank\" class=\"vce-single-image-inner vce-single-image--absolute\" style=\"width: 100%; padding-bottom: 73.3096%;\" rel=\"noopener\"><img loading=\"lazy\" decoding=\"async\" class=\"vce-single-image\"  width=\"281\" height=\"206\" srcset=\"https:\/\/nuovarivetteriabolognese.it\/wp-content\/uploads\/2023\/06\/6-faschette-281x206.jpg 281w\" src=\"https:\/\/nuovarivetteriabolognese.it\/wp-content\/uploads\/2023\/06\/6-faschette-281x206.jpg\" data-img-src=\"https:\/\/nuovarivetteriabolognese.it\/wp-content\/uploads\/2022\/12\/6-faschette.jpg\" data-attachment-id=\"1250\"  alt=\"\" title=\"6-faschette\" \/><\/a><\/div><figcaption hidden=\"\"><\/figcaption><\/figure><\/div><\/div><div class=\"vce-text-block\"><div class=\"vce-text-block-wrapper vce\" id=\"el-7d1bc50c\" data-vce-do-apply=\"all el-7d1bc50c\"><h2 style=\"text-align: center;\">R\u00e4der, Kabelbinder, Papiererzeugung, Sportausr\u00fcstung<\/h2>\n<p style=\"text-align: center;\">Schrauben, Muttern, Niete und Stiften werden oftmals nur wenig Bedeutung beigemessen. Derlei Verbindungselemente finden jedoch eine Vielzahl an Einsatzm\u00f6glichkeiten und sollten keinesfalls unerw\u00e4hnt bleiben.<\/p><\/div><\/div><\/div><\/div><\/div><div class=\"vce-col vce-col--md-auto vce-col--xs-1 vce-col--xs-last vce-col--xs-first vce-col--sm-last vce-col--sm-first vce-col--md-last vce-col--lg-last vce-col--xl-last\" id=\"el-da73a58a\"><div class=\"vce-col-inner\" data-vce-do-apply=\"border margin background  el-da73a58a\"><div class=\"vce-col-content\" data-vce-element-content=\"true\" data-vce-do-apply=\"padding el-da73a58a\"><div class=\"vce-single-image-container vce-single-image--align-center\"><div class=\"vce vce-single-image-wrapper\" id=\"el-5853f676\" data-vce-do-apply=\"all el-5853f676\"><figure><div class=\"vce-single-image-figure-inner\" style=\"width: 281px;\"><a href=\"https:\/\/nuovarivetteriabolognese.it\/speciali-su-disegno-o-campione-del-cliente\/\" title=\"\" target=\"_blank\" class=\"vce-single-image-inner vce-single-image--absolute\" style=\"width: 100%; padding-bottom: 73.3096%;\" rel=\"noopener\"><img loading=\"lazy\" decoding=\"async\" class=\"vce-single-image\"  width=\"281\" height=\"206\" srcset=\"https:\/\/nuovarivetteriabolognese.it\/wp-content\/uploads\/2023\/06\/7-speciali-2-281x206.jpg 281w\" src=\"https:\/\/nuovarivetteriabolognese.it\/wp-content\/uploads\/2023\/06\/7-speciali-2-281x206.jpg\" data-img-src=\"https:\/\/nuovarivetteriabolognese.it\/wp-content\/uploads\/2022\/12\/7-speciali-2.jpg\" data-attachment-id=\"1249\"  alt=\"\" title=\"7-speciali-2\" \/><\/a><\/div><figcaption hidden=\"\"><\/figcaption><\/figure><\/div><\/div><div class=\"vce-text-block\"><div class=\"vce-text-block-wrapper vce\" id=\"el-12f49d88\" data-vce-do-apply=\"all el-12f49d88\"><h2 style=\"text-align: center;\">Sonderteile nach Zeichnung (oder nach Muster) des Kunden<\/h2>\n<p style=\"text-align: center;\">Nach spezifischer Anfrage sind wir jederzeit in der Lage, gemeinsam mit unserem Kunden neue Produkte zu entwickeln.<\/p><\/div><\/div><\/div><\/div><\/div><\/div><\/div><\/div>","protected":false},"excerpt":{"rendered":"<p>Automotive e Ricambistica Parti per carrozzeria, sistemi frenanti, motori turbo, ecc.Mobili, elettrodomestici e serramenti Parti per cerniere, snodi, guide per cassetti, piedini, maniglie, serrature, ecc.Elettrotecnica e telecomunicazioni Parti per diodi, condensatori, dissipatori, motori elettrici, quadri elettrici, teleruttori, ecc.Edilizia Parti per scale, coperture, tasselli, ecc.Medicale Parti per corsetti, protesi e ortopedia.Ruote, fascette, cartotecnica, attrezzatura sportiva Viti, [&hellip;]<\/p>","protected":false},"author":1,"featured_media":0,"parent":0,"menu_order":0,"comment_status":"closed","ping_status":"closed","template":"page-templates\/pagebuilder.php","meta":{"footnotes":""},"class_list":["post-1224","page","type-page","status-publish","hentry"],"_links":{"self":[{"href":"https:\/\/nuovarivetteriabolognese.it\/de\/wp-json\/wp\/v2\/pages\/1224","targetHints":{"allow":["GET"]}}],"collection":[{"href":"https:\/\/nuovarivetteriabolognese.it\/de\/wp-json\/wp\/v2\/pages"}],"about":[{"href":"https:\/\/nuovarivetteriabolognese.it\/de\/wp-json\/wp\/v2\/types\/page"}],"author":[{"embeddable":true,"href":"https:\/\/nuovarivetteriabolognese.it\/de\/wp-json\/wp\/v2\/users\/1"}],"replies":[{"embeddable":true,"href":"https:\/\/nuovarivetteriabolognese.it\/de\/wp-json\/wp\/v2\/comments?post=1224"}],"version-history":[{"count":22,"href":"https:\/\/nuovarivetteriabolognese.it\/de\/wp-json\/wp\/v2\/pages\/1224\/revisions"}],"predecessor-version":[{"id":1986,"href":"https:\/\/nuovarivetteriabolognese.it\/de\/wp-json\/wp\/v2\/pages\/1224\/revisions\/1986"}],"wp:attachment":[{"href":"https:\/\/nuovarivetteriabolognese.it\/de\/wp-json\/wp\/v2\/media?parent=1224"}],"curies":[{"name":"wp","href":"https:\/\/api.w.org\/{rel}","templated":true}]}}