{"id":1228,"date":"2022-12-01T22:05:38","date_gmt":"2022-12-01T22:05:38","guid":{"rendered":"https:\/\/nuovarivetteriabolognese.it\/?page_id=1228"},"modified":"2022-12-07T11:13:18","modified_gmt":"2022-12-07T11:13:18","slug":"range-produttivo","status":"publish","type":"page","link":"https:\/\/nuovarivetteriabolognese.it\/de\/range-produttivo\/","title":{"rendered":"Produktionsausfall"},"content":{"rendered":"<div class=\"vce-row-container\" data-vce-boxed-width=\"true\"><div class=\"vce-row vce-row--col-gap-30 vce-row-equal-height vce-row-content--top\" id=\"el-b40955ef\" data-vce-do-apply=\"all el-b40955ef\"><div class=\"vce-content-background-container\"><\/div><div class=\"vce-row-content\" data-vce-element-content=\"true\"><div class=\"vce-col vce-col--md-auto vce-col--xs-1 vce-col--xs-last vce-col--xs-first vce-col--sm-last vce-col--sm-first vce-col--md-last vce-col--lg-last vce-col--xl-last vce-col--md-first vce-col--lg-first vce-col--xl-first\" id=\"el-efa9a6af\"><div class=\"vce-col-inner\" data-vce-do-apply=\"border margin background  el-efa9a6af\"><div class=\"vce-col-content\" data-vce-element-content=\"true\" data-vce-do-apply=\"padding el-efa9a6af\"><section class=\"vce-hero-section-container vce-hero-section-media--xs vce-hero-section-media--sm vce-hero-section-media--md vce-hero-section-media--lg vce-hero-section-media--xl\"><div class=\"vce vce-hero-section\" id=\"el-97c58303\" data-vce-do-apply=\"margin background border  el-97c58303\"><div class=\"vce-hero-section--wrap-row vce-hero-section--background-position-center-center\" style=\"background-image: url('https:\/\/nuovarivetteriabolognese.it\/wp-content\/uploads\/2022\/11\/precontent21-e1669823189816.jpg');\"><div class=\"vce-hero-section--wrap\"><div class=\"vce-hero-section--content\" data-vce-do-apply=\"padding el-97c58303\"><div class=\"vce-hero-section--content-container\"><\/div><\/div><\/div><\/div><\/div><\/section><\/div><\/div><\/div><\/div><\/div><\/div><div class=\"vce-row-container\" data-vce-boxed-width=\"true\"><div class=\"vce-row vce-row--col-gap-30 vce-row-equal-height vce-row-content--top\" id=\"el-27efea14\" data-vce-do-apply=\"all el-27efea14\"><div class=\"vce-content-background-container\"><\/div><div class=\"vce-row-content\" data-vce-element-content=\"true\"><div class=\"vce-col vce-col--md-auto vce-col--xs-1 vce-col--xs-last vce-col--xs-first vce-col--sm-last vce-col--sm-first vce-col--md-first vce-col--lg-first vce-col--xl-first\" id=\"el-b96232cd\"><div class=\"vce-col-inner\" data-vce-do-apply=\"border margin background  el-b96232cd\"><div class=\"vce-col-content\" data-vce-element-content=\"true\" data-vce-do-apply=\"padding el-b96232cd\"><div class=\"vce-single-image-container vce-single-image--align-left\"><div class=\"vce vce-single-image-wrapper\" id=\"el-795751a2\" data-vce-do-apply=\"all el-795751a2\"><figure><div class=\"vce-single-image-figure-inner\" style=\"width: 700px;\"><div class=\"vce-single-image-inner vce-single-image--absolute\" style=\"width: 100%; padding-bottom: 100%;\"><img loading=\"lazy\" decoding=\"async\" class=\"vce-single-image\"  width=\"700\" height=\"700\" srcset=\"https:\/\/nuovarivetteriabolognese.it\/wp-content\/uploads\/2022\/12\/11NRB_lavorazioni_0254-320x320.jpg 320w, https:\/\/nuovarivetteriabolognese.it\/wp-content\/uploads\/2022\/12\/11NRB_lavorazioni_0254-480x480.jpg 480w, https:\/\/nuovarivetteriabolognese.it\/wp-content\/uploads\/2022\/12\/11NRB_lavorazioni_0254-700x700.jpg 700w\" src=\"https:\/\/nuovarivetteriabolognese.it\/wp-content\/uploads\/2022\/12\/11NRB_lavorazioni_0254-700x700.jpg\" data-img-src=\"https:\/\/nuovarivetteriabolognese.it\/wp-content\/uploads\/2022\/12\/11NRB_lavorazioni_0254.jpg\" data-attachment-id=\"1350\"  alt=\"\" title=\"11NRB_lavorazioni_0254\" \/><\/div><\/div><figcaption hidden=\"\"><\/figcaption><\/figure><\/div><\/div><\/div><\/div><\/div><div class=\"vce-col vce-col--md-auto vce-col--xs-1 vce-col--xs-last vce-col--xs-first vce-col--sm-last vce-col--sm-first vce-col--md-last vce-col--lg-last vce-col--xl-last\" id=\"el-e0b3cf95\"><div class=\"vce-col-inner\" data-vce-do-apply=\"border margin background  el-e0b3cf95\"><div class=\"vce-col-content\" data-vce-element-content=\"true\" data-vce-do-apply=\"padding el-e0b3cf95\"><div class=\"vce-text-block\"><div class=\"vce-text-block-wrapper vce\" id=\"el-3aafd717\" data-vce-do-apply=\"all el-3aafd717\"><p class=\" translation-block\">NRB ist in der Lage, Produkte von M 1.5 bis M 16 herzustellen. Die maximale L\u00e4nge entspricht 200 mm bei einem Durchmesser bis M 8 und einer maximalen L\u00e4nge bis 90 mm bei einem Durchmesser bis M 12. Teile ohne Gewinde k\u00f6nnen mit einer maximalen L\u00e4nge bis 90 mm bei einem Durchmesser bis M 16 hergestellt werden. \nUnsere Auswahl an Antrieben und Gewindearten k\u00f6nnen s\u00e4mtliche Anforderung unserer Kunden erf\u00fcllen\nund werden zus\u00e4tzlich durch individuelle Stempelungsm\u00f6glichkeiten erg\u00e4nzt.<\/p><h2>Beispiele aus unseren Erzeugnissen:<\/h2><ul><li style=\"list-style-type: none;\"><ul id=\"g1-list-1\" class=\"g1-list--icon g1-list--none\"><li><i class=\"icon-check g1-list__icon\"><\/i>Muttern nach Zeichnung<\/li><li><i class=\"icon-check g1-list__icon\"><\/i>H\u00fclse<\/li><li><i class=\"icon-check g1-list__icon\"><\/i>Schrauben und Stifte mit Hals<\/li><li><i class=\"icon-check g1-list__icon\"><\/i>Schwei\u00dfschrauben<\/li><li><i class=\"icon-check g1-list__icon\"><\/i>Bolzen<\/li><li><i class=\"icon-check g1-list__icon\"><\/i>Exzenterniete<\/li><li><i class=\"icon-check g1-list__icon\"><\/i>Flanschschrauben<\/li><li><i class=\"icon-check g1-list__icon\"><\/i>Voll- und Halbholniete<\/li><li><i class=\"icon-check g1-list__icon\"><\/i>Schrauben und Stifte mit R\u00e4ndeln und Gewinde<\/li><li><i class=\"icon-check g1-list__icon\"><\/i>Sechskantschrauben<\/li><li><i class=\"icon-check g1-list__icon\"><\/i>Schrauben mit Spezial-K\u00f6pfen<\/li><li><i class=\"icon-check g1-list__icon\"><\/i>Schrauben mit Innensechskant<\/li><li><i class=\"icon-check g1-list__icon\"><\/i>Schrauben mit Innensechskant und Innensechsrund nach<\/li><\/ul><\/li><\/ul><h2>Beispiele unserer Antriebe:<\/h2><p>Schlitz, Pozidriv- und Phillips-Kreuzschlitz,  Schrauben mit Vierkantansatz, Vierkantkopf, Kombi-PZ, Kombi-PH, Kombi-Torx, Innen- und Au\u00dfensechskant, Einwegschrauben (Einbruchsichere Schrauben), Torx \/ Innen-Sechskant mit Sicherungsstift \u2026<\/p><h2>Beispiele unserer Gewindearten:<\/h2><p>metrisch (Schraubenenden nach DIN 78, Spitze, Kuppe, Schabenut, Zapfen, Halbloch, gewindefurchend nach DIN 7500, selbstschneidend nach DIN 7513\/16, Blechschraubengewinde mit Spitze oder Zapfen, Spanplattenschraubengewinde mit oder ohne Spitze, Bohrschraubengewinde nach DIN 7504, Kunststoffgewinde.<\/p><\/div><\/div><\/div><\/div><\/div><\/div><\/div><\/div>","protected":false},"excerpt":{"rendered":"<p>Nuova Rivetteria Bolognese \u00e8 in grado di produrre particolari da M1,5 a M16; le lunghezze possono arrivare&nbsp;a 200mm per M8 o inferiori, e fino a 90mm per M12; i particolari non filettati possono arrivare ad un&nbsp;diametro 16mm e lunghezza 90mm.La gamma di impronte e filetti copre qualsiasi richiesta del cliente, \u00e8&nbsp;inoltre possibile richiedere marcature personalizzate.Tipologie [&hellip;]<\/p>","protected":false},"author":1,"featured_media":0,"parent":0,"menu_order":0,"comment_status":"closed","ping_status":"closed","template":"page-templates\/pagebuilder.php","meta":{"footnotes":""},"class_list":["post-1228","page","type-page","status-publish","hentry"],"_links":{"self":[{"href":"https:\/\/nuovarivetteriabolognese.it\/de\/wp-json\/wp\/v2\/pages\/1228","targetHints":{"allow":["GET"]}}],"collection":[{"href":"https:\/\/nuovarivetteriabolognese.it\/de\/wp-json\/wp\/v2\/pages"}],"about":[{"href":"https:\/\/nuovarivetteriabolognese.it\/de\/wp-json\/wp\/v2\/types\/page"}],"author":[{"embeddable":true,"href":"https:\/\/nuovarivetteriabolognese.it\/de\/wp-json\/wp\/v2\/users\/1"}],"replies":[{"embeddable":true,"href":"https:\/\/nuovarivetteriabolognese.it\/de\/wp-json\/wp\/v2\/comments?post=1228"}],"version-history":[{"count":2,"href":"https:\/\/nuovarivetteriabolognese.it\/de\/wp-json\/wp\/v2\/pages\/1228\/revisions"}],"predecessor-version":[{"id":1351,"href":"https:\/\/nuovarivetteriabolognese.it\/de\/wp-json\/wp\/v2\/pages\/1228\/revisions\/1351"}],"wp:attachment":[{"href":"https:\/\/nuovarivetteriabolognese.it\/de\/wp-json\/wp\/v2\/media?parent=1228"}],"curies":[{"name":"wp","href":"https:\/\/api.w.org\/{rel}","templated":true}]}}