{"id":1257,"date":"2022-12-02T12:14:10","date_gmt":"2022-12-02T12:14:10","guid":{"rendered":"https:\/\/nuovarivetteriabolognese.it\/?page_id=1257"},"modified":"2023-02-07T12:07:15","modified_gmt":"2023-02-07T12:07:15","slug":"automotive-e-ricambistica","status":"publish","type":"page","link":"https:\/\/nuovarivetteriabolognese.it\/de\/automotive-e-ricambistica\/","title":{"rendered":"Automotive Und Ersatzteile"},"content":{"rendered":"<div class=\"vce-row-container\" data-vce-boxed-width=\"true\"><div class=\"vce-row vce-row--col-gap-30 vce-row-equal-height vce-row-content--top\" id=\"el-78ba4518\" data-vce-do-apply=\"all el-78ba4518\"><div class=\"vce-content-background-container\"><\/div><div class=\"vce-row-content\" data-vce-element-content=\"true\"><div class=\"vce-col vce-col--md-auto vce-col--xs-1 vce-col--xs-last vce-col--xs-first vce-col--sm-last vce-col--sm-first vce-col--md-last vce-col--lg-last vce-col--xl-last vce-col--md-first vce-col--lg-first vce-col--xl-first\" id=\"el-d7ab1c31\"><div class=\"vce-col-inner\" data-vce-do-apply=\"border margin background  el-d7ab1c31\"><div class=\"vce-col-content\" data-vce-element-content=\"true\" data-vce-do-apply=\"padding el-d7ab1c31\"><section class=\"vce-hero-section-container vce-hero-section-media--xs vce-hero-section-media--sm vce-hero-section-media--md vce-hero-section-media--lg vce-hero-section-media--xl\"><div class=\"vce vce-hero-section\" id=\"el-039ea793\" data-vce-do-apply=\"margin background border  el-039ea793\"><div class=\"vce-hero-section--wrap-row vce-hero-section--background-position-center-center\" style=\"background-image: url('https:\/\/nuovarivetteriabolognese.it\/wp-content\/uploads\/2022\/11\/precontent21-e1669823189816.jpg');\"><div class=\"vce-hero-section--wrap\"><div class=\"vce-hero-section--content\" data-vce-do-apply=\"padding el-039ea793\"><div class=\"vce-hero-section--content-container\"><\/div><\/div><\/div><\/div><\/div><\/section><\/div><\/div><\/div><\/div><\/div><\/div><div class=\"vce-row-container\" data-vce-boxed-width=\"true\"><div class=\"vce-row vce-row--col-gap-30 vce-row-equal-height vce-row-content--top\" id=\"el-c0a5e363\" data-vce-do-apply=\"all el-c0a5e363\"><div class=\"vce-content-background-container\"><\/div><div class=\"vce-row-content\" data-vce-element-content=\"true\"><div class=\"vce-col vce-col--md-auto vce-col--xs-1 vce-col--xs-last vce-col--xs-first vce-col--sm-last vce-col--sm-first vce-col--md-first vce-col--lg-first vce-col--xl-first\" id=\"el-ad9b6e38\"><div class=\"vce-col-inner\" data-vce-do-apply=\"border margin background  el-ad9b6e38\"><div class=\"vce-col-content\" data-vce-element-content=\"true\" data-vce-do-apply=\"padding el-ad9b6e38\"><div class=\"vce-text-block\"><div class=\"vce-text-block-wrapper vce\" id=\"el-cca09ad4\" data-vce-do-apply=\"all el-cca09ad4\"><h1>Automotive Und Ersatzteile<\/h1><p>Teile f\u00fcr Karosserie, Bremssysteme, Turbomotoren usw. \u2026<\/p><p>Der Automotive-Sektor fordert ein H\u00f6chstma\u00df an Qualit\u00e4t und Flexibilit\u00e4t. Speziell f\u00fcr diesen Bereich hat NRB seine Leistungsf\u00e4higkeit durch umfangreiche Investitionen erweitert und verbessert. Im Einzelnen; in den Maschinenpark (Mehrstufen-Pressen, Gewindebohr- und Sortierungsmaschinen und einem speziellem Pr\u00fcflabor f\u00fcr diesen Bereich); durch Prozessoptimierungen (Erlangen der ISO TS \u2013 Zertifizierung) und Know How-Transfer (Einstellung von zus\u00e4tzlichen Arbeitskr\u00e4ften und Fortbildung der langj\u00e4hrigen Mitarbeiter).<\/p><\/div><\/div><\/div><\/div><\/div><div class=\"vce-col vce-col--md-auto vce-col--xs-1 vce-col--xs-last vce-col--xs-first vce-col--sm-last vce-col--sm-first vce-col--md-last vce-col--lg-last vce-col--xl-last\" id=\"el-9c764a95\"><div class=\"vce-col-inner\" data-vce-do-apply=\"border margin background  el-9c764a95\"><div class=\"vce-col-content\" data-vce-element-content=\"true\" data-vce-do-apply=\"padding el-9c764a95\"><div class=\"vce-image-masonry-gallery\"><div class=\"vce-image-masonry-gallery-wrapper vce vce-image-masonry-gallery--gap-25 vce-image-masonry-gallery--columns-1\" id=\"el-f6758bb3\" data-vce-do-apply=\"all el-f6758bb3\"><div class=\"vce-image-masonry-gallery-list\"><div class=\"vce-image-masonry-gallery-column\"><div class=\"vce-image-masonry-gallery-item\"><img decoding=\"async\" class=\"vce-image-masonry-gallery-img\" src=\"https:\/\/nuovarivetteriabolognese.it\/wp-content\/uploads\/2022\/12\/calibro.jpg\" alt=\"\"><\/div><div class=\"vce-image-masonry-gallery-item\"><img decoding=\"async\" class=\"vce-image-masonry-gallery-img\" src=\"https:\/\/nuovarivetteriabolognese.it\/wp-content\/uploads\/2022\/12\/Automotive_G.jpg\" alt=\"\"><\/div><\/div><\/div><\/div><\/div><\/div><\/div><\/div><\/div><\/div><\/div>","protected":false},"excerpt":{"rendered":"<p>Automotive e RicambisticaParti per carrozzeria, sistemi frenanti, motori turbo, ecc.L\u2019 automotive \u00e8 un settore che richiede una grande attenzione alla qualit\u00e0; in questo ramo Nuova Rivetteria Bolognese sta avendo una forte espansione, grazie agli ultimi investimenti: macchinari (presse progressive, maschiatrici, selezionatrici, laboratorio di controllo dedicato), formazione (certificazione ISO TS 16949, know how (valore aggiunto di [&hellip;]<\/p>","protected":false},"author":1,"featured_media":0,"parent":0,"menu_order":0,"comment_status":"closed","ping_status":"closed","template":"page-templates\/pagebuilder.php","meta":{"footnotes":""},"class_list":["post-1257","page","type-page","status-publish","hentry"],"_links":{"self":[{"href":"https:\/\/nuovarivetteriabolognese.it\/de\/wp-json\/wp\/v2\/pages\/1257","targetHints":{"allow":["GET"]}}],"collection":[{"href":"https:\/\/nuovarivetteriabolognese.it\/de\/wp-json\/wp\/v2\/pages"}],"about":[{"href":"https:\/\/nuovarivetteriabolognese.it\/de\/wp-json\/wp\/v2\/types\/page"}],"author":[{"embeddable":true,"href":"https:\/\/nuovarivetteriabolognese.it\/de\/wp-json\/wp\/v2\/users\/1"}],"replies":[{"embeddable":true,"href":"https:\/\/nuovarivetteriabolognese.it\/de\/wp-json\/wp\/v2\/comments?post=1257"}],"version-history":[{"count":10,"href":"https:\/\/nuovarivetteriabolognese.it\/de\/wp-json\/wp\/v2\/pages\/1257\/revisions"}],"predecessor-version":[{"id":1949,"href":"https:\/\/nuovarivetteriabolognese.it\/de\/wp-json\/wp\/v2\/pages\/1257\/revisions\/1949"}],"wp:attachment":[{"href":"https:\/\/nuovarivetteriabolognese.it\/de\/wp-json\/wp\/v2\/media?parent=1257"}],"curies":[{"name":"wp","href":"https:\/\/api.w.org\/{rel}","templated":true}]}}