{"id":1261,"date":"2022-12-02T12:14:37","date_gmt":"2022-12-02T12:14:37","guid":{"rendered":"https:\/\/nuovarivetteriabolognese.it\/?page_id=1261"},"modified":"2023-02-07T12:08:37","modified_gmt":"2023-02-07T12:08:37","slug":"elettrotecnica-e-telecomunicazioni","status":"publish","type":"page","link":"https:\/\/nuovarivetteriabolognese.it\/de\/elettrotecnica-e-telecomunicazioni\/","title":{"rendered":"Elektrotechnik und Telekommunikation"},"content":{"rendered":"<div class=\"vce-row-container\" data-vce-boxed-width=\"true\"><div class=\"vce-row vce-row--col-gap-30 vce-row-equal-height vce-row-content--top\" id=\"el-98fb4ccc\" data-vce-do-apply=\"all el-98fb4ccc\"><div class=\"vce-content-background-container\"><\/div><div class=\"vce-row-content\" data-vce-element-content=\"true\"><div class=\"vce-col vce-col--md-auto vce-col--xs-1 vce-col--xs-last vce-col--xs-first vce-col--sm-last vce-col--sm-first vce-col--md-last vce-col--lg-last vce-col--xl-last vce-col--md-first vce-col--lg-first vce-col--xl-first\" id=\"el-b440fc21\"><div class=\"vce-col-inner\" data-vce-do-apply=\"border margin background  el-b440fc21\"><div class=\"vce-col-content\" data-vce-element-content=\"true\" data-vce-do-apply=\"padding el-b440fc21\"><section class=\"vce-hero-section-container vce-hero-section-media--xs vce-hero-section-media--sm vce-hero-section-media--md vce-hero-section-media--lg vce-hero-section-media--xl\"><div class=\"vce vce-hero-section\" id=\"el-c49814fa\" data-vce-do-apply=\"margin background border  el-c49814fa\"><div class=\"vce-hero-section--wrap-row vce-hero-section--background-position-center-center\" style=\"background-image: url('https:\/\/nuovarivetteriabolognese.it\/wp-content\/uploads\/2022\/11\/precontent21-e1669823189816.jpg');\"><div class=\"vce-hero-section--wrap\"><div class=\"vce-hero-section--content\" data-vce-do-apply=\"padding el-c49814fa\"><div class=\"vce-hero-section--content-container\"><\/div><\/div><\/div><\/div><\/div><\/section><\/div><\/div><\/div><\/div><\/div><\/div><div class=\"vce-row-container\" data-vce-boxed-width=\"true\"><div class=\"vce-row vce-row--col-gap-30 vce-row-equal-height vce-row-content--top\" id=\"el-ae8e8d17\" data-vce-do-apply=\"all el-ae8e8d17\"><div class=\"vce-content-background-container\"><\/div><div class=\"vce-row-content\" data-vce-element-content=\"true\"><div class=\"vce-col vce-col--md-auto vce-col--xs-1 vce-col--xs-last vce-col--xs-first vce-col--sm-last vce-col--sm-first vce-col--md-first vce-col--lg-first vce-col--xl-first\" id=\"el-49c0eabb\"><div class=\"vce-col-inner\" data-vce-do-apply=\"border margin background  el-49c0eabb\"><div class=\"vce-col-content\" data-vce-element-content=\"true\" data-vce-do-apply=\"padding el-49c0eabb\"><div class=\"vce-text-block\"><div class=\"vce-text-block-wrapper vce\" id=\"el-4ee3c130\" data-vce-do-apply=\"all el-4ee3c130\"><h1>Elektrotechnik und Telekommunikation<\/h1><p class=\" translation-block\">Teile f\u00fcr Dioden, Kondensatoren, Tosbecken, Elektromotoren, Schaltschr\u00e4nke, Fernschalters, usw. \u2026\nMetallteile aus diesem Bereich erfordern ein hohes Ma\u00df an Pr\u00e4zision mit sehr engen Toleranzen. NRB verwendet hierzu kundenspezifische Materialien, unter Ber\u00fccksichtigung der sorgf\u00e4ltigen Bearbeitung sowie deren mechanischen- und physikalische Eigenschaften. Je nach Anforderung steht ihnen anschlie\u00dfend eine gro\u00dfe Auswahl an nachtr\u00e4glichen Beschichtungen ihrer Fertigteile zur Verf\u00fcgung.<\/p><\/div><\/div><\/div><\/div><\/div><div class=\"vce-col vce-col--md-auto vce-col--xs-1 vce-col--xs-last vce-col--xs-first vce-col--sm-last vce-col--sm-first vce-col--md-last vce-col--lg-last vce-col--xl-last\" id=\"el-2deebca4\"><div class=\"vce-col-inner\" data-vce-do-apply=\"border margin background  el-2deebca4\"><div class=\"vce-col-content\" data-vce-element-content=\"true\" data-vce-do-apply=\"padding el-2deebca4\"><div class=\"vce-image-masonry-gallery\"><div class=\"vce-image-masonry-gallery-wrapper vce vce-image-masonry-gallery--gap-25 vce-image-masonry-gallery--columns-1\" id=\"el-3066db67\" data-vce-do-apply=\"all el-3066db67\"><div class=\"vce-image-masonry-gallery-list\"><div class=\"vce-image-masonry-gallery-column\"><div class=\"vce-image-masonry-gallery-item\"><img decoding=\"async\" class=\"vce-image-masonry-gallery-img\" src=\"https:\/\/nuovarivetteriabolognese.it\/wp-content\/uploads\/2022\/12\/calibro-2.jpg\" alt=\"\"><\/div><div class=\"vce-image-masonry-gallery-item\"><img decoding=\"async\" class=\"vce-image-masonry-gallery-img\" src=\"https:\/\/nuovarivetteriabolognese.it\/wp-content\/uploads\/2022\/12\/Elettromeccanica.jpg\" alt=\"\"><\/div><\/div><\/div><\/div><\/div><\/div><\/div><\/div><\/div><\/div><\/div>","protected":false},"excerpt":{"rendered":"<p>Elettrotecnica e telecomunicazioniParti per diodi, condensatori, dissipatori, motori elettrici, quadri elettrici, teleruttori, ecc.&nbsp;La minuteria di questo campo richiede altissima precisione e permette&nbsp;tolleranze ristrette, utilizza materiali specifici che richiedono una lavorazione&nbsp;attenta alle loro caratteristiche fisiche e meccaniche, e presuppone una grande&nbsp;variet\u00e0 di trattamenti superficiali sul pezzo finito.NRB \u00e8 in grado di rispondere a tutte queste esigenze.<\/p>","protected":false},"author":1,"featured_media":0,"parent":0,"menu_order":0,"comment_status":"closed","ping_status":"closed","template":"page-templates\/pagebuilder.php","meta":{"footnotes":""},"class_list":["post-1261","page","type-page","status-publish","hentry"],"_links":{"self":[{"href":"https:\/\/nuovarivetteriabolognese.it\/de\/wp-json\/wp\/v2\/pages\/1261","targetHints":{"allow":["GET"]}}],"collection":[{"href":"https:\/\/nuovarivetteriabolognese.it\/de\/wp-json\/wp\/v2\/pages"}],"about":[{"href":"https:\/\/nuovarivetteriabolognese.it\/de\/wp-json\/wp\/v2\/types\/page"}],"author":[{"embeddable":true,"href":"https:\/\/nuovarivetteriabolognese.it\/de\/wp-json\/wp\/v2\/users\/1"}],"replies":[{"embeddable":true,"href":"https:\/\/nuovarivetteriabolognese.it\/de\/wp-json\/wp\/v2\/comments?post=1261"}],"version-history":[{"count":5,"href":"https:\/\/nuovarivetteriabolognese.it\/de\/wp-json\/wp\/v2\/pages\/1261\/revisions"}],"predecessor-version":[{"id":1951,"href":"https:\/\/nuovarivetteriabolognese.it\/de\/wp-json\/wp\/v2\/pages\/1261\/revisions\/1951"}],"wp:attachment":[{"href":"https:\/\/nuovarivetteriabolognese.it\/de\/wp-json\/wp\/v2\/media?parent=1261"}],"curies":[{"name":"wp","href":"https:\/\/api.w.org\/{rel}","templated":true}]}}