{"id":1269,"date":"2022-12-02T12:15:41","date_gmt":"2022-12-02T12:15:41","guid":{"rendered":"https:\/\/nuovarivetteriabolognese.it\/?page_id=1269"},"modified":"2024-01-23T07:44:12","modified_gmt":"2024-01-23T07:44:12","slug":"speciali-su-disegno-o-campione-del-cliente","status":"publish","type":"page","link":"https:\/\/nuovarivetteriabolognese.it\/de\/speciali-su-disegno-o-campione-del-cliente\/","title":{"rendered":"Sonderteile nach Zeichnung (oder nach Muster) des Kunden"},"content":{"rendered":"<div class=\"vce-row-container\" data-vce-boxed-width=\"true\"><div class=\"vce-row vce-row--col-gap-30 vce-row-equal-height vce-row-content--top\" id=\"el-78db6fd4\" data-vce-do-apply=\"all el-78db6fd4\"><div class=\"vce-content-background-container\"><\/div><div class=\"vce-row-content\" data-vce-element-content=\"true\"><div class=\"vce-col vce-col--md-auto vce-col--xs-1 vce-col--xs-last vce-col--xs-first vce-col--sm-last vce-col--sm-first vce-col--md-last vce-col--lg-last vce-col--xl-last vce-col--md-first vce-col--lg-first vce-col--xl-first\" id=\"el-f31a1e1f\"><div class=\"vce-col-inner\" data-vce-do-apply=\"border margin background  el-f31a1e1f\"><div class=\"vce-col-content\" data-vce-element-content=\"true\" data-vce-do-apply=\"padding el-f31a1e1f\"><section class=\"vce-hero-section-container vce-hero-section-media--xs vce-hero-section-media--sm vce-hero-section-media--md vce-hero-section-media--lg vce-hero-section-media--xl\"><div class=\"vce vce-hero-section\" id=\"el-5f818b5e\" data-vce-do-apply=\"margin background border  el-5f818b5e\"><div class=\"vce-hero-section--wrap-row\"><div class=\"vce-hero-section--wrap\"><div class=\"vce-hero-section--content\" data-vce-do-apply=\"padding el-5f818b5e\"><div class=\"vce-hero-section--content-container\"><\/div><div><\/div><\/div><\/div><\/div><\/div><\/section><\/div><\/div><\/div><\/div><\/div><\/div><div class=\"vce-row-container\" data-vce-boxed-width=\"true\"><div class=\"vce-row vce-row--col-gap-30 vce-row-equal-height vce-row-content--top\" id=\"el-875830b1\" data-vce-do-apply=\"all el-875830b1\"><div class=\"vce-content-background-container\"><\/div><div class=\"vce-row-content\" data-vce-element-content=\"true\"><div class=\"vce-col vce-col--md-auto vce-col--xs-1 vce-col--xs-last vce-col--xs-first vce-col--sm-last vce-col--sm-first vce-col--md-first vce-col--lg-first vce-col--xl-first\" id=\"el-2a9d9b95\"><div class=\"vce-col-inner\" data-vce-do-apply=\"border margin background  el-2a9d9b95\"><div class=\"vce-col-content\" data-vce-element-content=\"true\" data-vce-do-apply=\"padding el-2a9d9b95\"><div class=\"vce-text-block\"><div class=\"vce-text-block-wrapper vce\" id=\"el-d8a4b369\" data-vce-do-apply=\"all el-d8a4b369\"><h1>Sonderteile nach Zeichnung (oder nach Muster) des Kunden<\/h1>\n<p><br>Nach spezifischer Anfrage sind wir jederzeit in der Lage, gemeinsam mit unserem Kunden neue Produkte zu entwickeln und unter Ber\u00fccksichtigung der richtigen Wahl der Werkstoffe, Toleranzen und Oberfl\u00e4chenbehandlungen, zum Erfolg einer Markteinf\u00fchrung beizutragen. Der Weg von NRB f\u00fchrt dabei von der Forschung und der Entwicklung \u00fcber den Prototyp bis zur letztendlichen Serie.<\/p><\/div><\/div><\/div><\/div><\/div><div class=\"vce-col vce-col--md-auto vce-col--xs-1 vce-col--xs-last vce-col--xs-first vce-col--sm-last vce-col--sm-first vce-col--md-last vce-col--lg-last vce-col--xl-last\" id=\"el-33d96e78\"><div class=\"vce-col-inner\" data-vce-do-apply=\"border margin background  el-33d96e78\"><div class=\"vce-col-content\" data-vce-element-content=\"true\" data-vce-do-apply=\"padding el-33d96e78\"><div class=\"vce-image-masonry-gallery\"><div class=\"vce-image-masonry-gallery-wrapper vce vce-image-masonry-gallery--gap-25 vce-image-masonry-gallery--columns-1\" id=\"el-3055112e\" data-vce-do-apply=\"all el-3055112e\"><div class=\"vce-image-masonry-gallery-list\"><div class=\"vce-image-masonry-gallery-column\"><div class=\"vce-image-masonry-gallery-item\"><img decoding=\"async\" class=\"vce-image-masonry-gallery-img\" src=\"https:\/\/nuovarivetteriabolognese.it\/wp-content\/uploads\/2022\/12\/calibro.jpg\" alt=\"\"><\/div><div class=\"vce-image-masonry-gallery-item\"><img decoding=\"async\" class=\"vce-image-masonry-gallery-img\" src=\"https:\/\/nuovarivetteriabolognese.it\/wp-content\/uploads\/2022\/12\/disegni.jpg\" alt=\"\"><\/div><\/div><\/div><\/div><\/div><\/div><\/div><\/div><\/div><\/div><\/div>","protected":false},"excerpt":{"rendered":"<p>Speciali su disegno (o campione) del cliente A richiesta, siamo in grado di studiare assieme ai ns. clienti l\u2019industrializzazione di nuovi particolari, secondo le specifiche di materiali, tolleranze, trattamenti e quantit\u00e0 di volta in volta necessarie.<\/p>","protected":false},"author":1,"featured_media":0,"parent":0,"menu_order":0,"comment_status":"closed","ping_status":"closed","template":"page-templates\/pagebuilder.php","meta":{"footnotes":""},"class_list":["post-1269","page","type-page","status-publish","hentry"],"_links":{"self":[{"href":"https:\/\/nuovarivetteriabolognese.it\/de\/wp-json\/wp\/v2\/pages\/1269","targetHints":{"allow":["GET"]}}],"collection":[{"href":"https:\/\/nuovarivetteriabolognese.it\/de\/wp-json\/wp\/v2\/pages"}],"about":[{"href":"https:\/\/nuovarivetteriabolognese.it\/de\/wp-json\/wp\/v2\/types\/page"}],"author":[{"embeddable":true,"href":"https:\/\/nuovarivetteriabolognese.it\/de\/wp-json\/wp\/v2\/users\/1"}],"replies":[{"embeddable":true,"href":"https:\/\/nuovarivetteriabolognese.it\/de\/wp-json\/wp\/v2\/comments?post=1269"}],"version-history":[{"count":3,"href":"https:\/\/nuovarivetteriabolognese.it\/de\/wp-json\/wp\/v2\/pages\/1269\/revisions"}],"predecessor-version":[{"id":2018,"href":"https:\/\/nuovarivetteriabolognese.it\/de\/wp-json\/wp\/v2\/pages\/1269\/revisions\/2018"}],"wp:attachment":[{"href":"https:\/\/nuovarivetteriabolognese.it\/de\/wp-json\/wp\/v2\/media?parent=1269"}],"curies":[{"name":"wp","href":"https:\/\/api.w.org\/{rel}","templated":true}]}}