{"id":1283,"date":"2022-12-06T11:04:30","date_gmt":"2022-12-06T11:04:30","guid":{"rendered":"https:\/\/nuovarivetteriabolognese.it\/?page_id=1283"},"modified":"2022-12-07T11:01:04","modified_gmt":"2022-12-07T11:01:04","slug":"materiali","status":"publish","type":"page","link":"https:\/\/nuovarivetteriabolognese.it\/de\/materiali\/","title":{"rendered":"Werkstoffe"},"content":{"rendered":"<div class=\"vce-row-container\" data-vce-boxed-width=\"true\"><div class=\"vce-row vce-row--col-gap-30 vce-row-equal-height vce-row-content--top\" id=\"el-d5c32bfd\" data-vce-do-apply=\"all el-d5c32bfd\"><div class=\"vce-content-background-container\"><\/div><div class=\"vce-row-content\" data-vce-element-content=\"true\"><div class=\"vce-col vce-col--md-auto vce-col--xs-1 vce-col--xs-last vce-col--xs-first vce-col--sm-last vce-col--sm-first vce-col--md-last vce-col--lg-last vce-col--xl-last vce-col--md-first vce-col--lg-first vce-col--xl-first\" id=\"el-f9cec338\"><div class=\"vce-col-inner\" data-vce-do-apply=\"border margin background  el-f9cec338\"><div class=\"vce-col-content\" data-vce-element-content=\"true\" data-vce-do-apply=\"padding el-f9cec338\"><section class=\"vce-hero-section-container vce-hero-section-media--xs vce-hero-section-media--sm vce-hero-section-media--md vce-hero-section-media--lg vce-hero-section-media--xl\"><div class=\"vce vce-hero-section\" id=\"el-d51bccff\" data-vce-do-apply=\"margin background border  el-d51bccff\"><div class=\"vce-hero-section--wrap-row vce-hero-section--background-position-center-center\" style=\"background-image: url('https:\/\/nuovarivetteriabolognese.it\/wp-content\/uploads\/2022\/11\/precontent21-e1669823189816.jpg');\"><div class=\"vce-hero-section--wrap\"><div class=\"vce-hero-section--content\" data-vce-do-apply=\"padding el-d51bccff\"><div class=\"vce-hero-section--content-container\"><\/div><\/div><\/div><\/div><\/div><\/section><\/div><\/div><\/div><\/div><\/div><\/div><div class=\"vce-row-container\" data-vce-boxed-width=\"true\"><div class=\"vce-row vce-row--col-gap-30 vce-row-equal-height vce-row-content--top\" id=\"el-da010c0f\" data-vce-do-apply=\"all el-da010c0f\"><div class=\"vce-content-background-container\"><\/div><div class=\"vce-row-content\" data-vce-element-content=\"true\"><div class=\"vce-col vce-col--md-auto vce-col--xs-1 vce-col--xs-last vce-col--xs-first vce-col--sm-last vce-col--sm-first vce-col--md-first vce-col--lg-first vce-col--xl-first\" id=\"el-eb03e2d9\"><div class=\"vce-col-inner\" data-vce-do-apply=\"border margin background  el-eb03e2d9\"><div class=\"vce-col-content\" data-vce-element-content=\"true\" data-vce-do-apply=\"padding el-eb03e2d9\"><div class=\"vce-single-image-container vce-single-image--align-center\"><div class=\"vce vce-single-image-wrapper\" id=\"el-c4b50242\" data-vce-do-apply=\"all el-c4b50242\"><figure><div class=\"vce-single-image-figure-inner\" style=\"width: 470px;\"><div class=\"vce-single-image-inner vce-single-image--absolute\" style=\"width: 100%; padding-bottom: 66.595745%;\"><img loading=\"lazy\" decoding=\"async\" class=\"vce-single-image\"  width=\"470\" height=\"313\" srcset=\"https:\/\/nuovarivetteriabolognese.it\/wp-content\/uploads\/2022\/12\/materiale-320x213.jpg 320w, https:\/\/nuovarivetteriabolognese.it\/wp-content\/uploads\/2022\/12\/materiale-470x313.jpg 470w\" src=\"https:\/\/nuovarivetteriabolognese.it\/wp-content\/uploads\/2022\/12\/materiale-470x313.jpg\" data-img-src=\"https:\/\/nuovarivetteriabolognese.it\/wp-content\/uploads\/2022\/12\/materiale.jpg\" data-attachment-id=\"1339\"  alt=\"\" title=\"materiale\" \/><\/div><\/div><figcaption hidden=\"\"><\/figcaption><\/figure><\/div><\/div><\/div><\/div><\/div><div class=\"vce-col vce-col--md-auto vce-col--xs-1 vce-col--xs-last vce-col--xs-first vce-col--sm-last vce-col--sm-first vce-col--md-last vce-col--lg-last vce-col--xl-last\" id=\"el-02c1be6f\"><div class=\"vce-col-inner\" data-vce-do-apply=\"border margin background  el-02c1be6f\"><div class=\"vce-col-content\" data-vce-element-content=\"true\" data-vce-do-apply=\"padding el-02c1be6f\"><div class=\"vce-text-block\"><div class=\"vce-text-block-wrapper vce\" id=\"el-e745812a\" data-vce-do-apply=\"all el-e745812a\"><p>NRB verarbeitet \u00fcberwiegend die folgenden lagerhaltigen Materialen:<\/p><ul id=\"g1-list-1\" class=\"g1-list--icon g1-list--simple\"><li><i class=\"icon-check g1-list__icon\"><\/i>Stahl, Festigkeitsklassen 4.8, 5.8, 6.8, 8.8, 10.9, 12.9<\/li><li><i class=\"icon-check g1-list__icon\"><\/i>Edelstahl A2, A4, A5, AISI430<\/li><li><i class=\"icon-check g1-list__icon\"><\/i>Messing<\/li><li><i class=\"icon-check g1-list__icon\"><\/i>Aluminium<\/li><li><i class=\"icon-check g1-list__icon\"><\/i>Kupfer<\/li><\/ul><p><br>Stets das Ziel vor Augen, die Produktpalette zu erweitern und die Produktionsleistung zu steigern, untersucht NRB kontinuierlich die Eignung von neuen und alternativen Werkstoffen.<br>Durch die umfangreiche Erfahrung auf dem Gebiet der Verbindungselemente ist NRB jederzeit in der Lage, \nunter Ber\u00fccksichtigung der spezifischen Anwendung, qualifizierte Vorschl\u00e4ge zur Wahl des richtigen Materials und der dazugeh\u00f6rigen W\u00e4rme- und Oberfl\u00e4chenbehandlung zu erteilen.<\/p><\/div><\/div><\/div><\/div><\/div><\/div><\/div><\/div>","protected":false},"excerpt":{"rendered":"<p>NRB \u00e8 in grado di approvvigionare ed utilizzare in produzione in maniera ottimale i&nbsp;seguenti materiali:Acciaio 4.8, 5.8, 6.8, 8.8, 10.9, 12.9Acciaio Inox A2, A4, A5, AISI430OttoneAlluminioRame\u00c8 sempre in corso lo studio per l\u2019utilizzo di ulteriori e differenti materie prime, per migliorare le performance dei prodotti, ampliare le applicazioni e aggiungere alla gamma nuovi prodotti.Grazie alla [&hellip;]<\/p>","protected":false},"author":1,"featured_media":0,"parent":0,"menu_order":0,"comment_status":"closed","ping_status":"closed","template":"page-templates\/pagebuilder.php","meta":{"footnotes":""},"class_list":["post-1283","page","type-page","status-publish","hentry"],"_links":{"self":[{"href":"https:\/\/nuovarivetteriabolognese.it\/de\/wp-json\/wp\/v2\/pages\/1283","targetHints":{"allow":["GET"]}}],"collection":[{"href":"https:\/\/nuovarivetteriabolognese.it\/de\/wp-json\/wp\/v2\/pages"}],"about":[{"href":"https:\/\/nuovarivetteriabolognese.it\/de\/wp-json\/wp\/v2\/types\/page"}],"author":[{"embeddable":true,"href":"https:\/\/nuovarivetteriabolognese.it\/de\/wp-json\/wp\/v2\/users\/1"}],"replies":[{"embeddable":true,"href":"https:\/\/nuovarivetteriabolognese.it\/de\/wp-json\/wp\/v2\/comments?post=1283"}],"version-history":[{"count":3,"href":"https:\/\/nuovarivetteriabolognese.it\/de\/wp-json\/wp\/v2\/pages\/1283\/revisions"}],"predecessor-version":[{"id":1341,"href":"https:\/\/nuovarivetteriabolognese.it\/de\/wp-json\/wp\/v2\/pages\/1283\/revisions\/1341"}],"wp:attachment":[{"href":"https:\/\/nuovarivetteriabolognese.it\/de\/wp-json\/wp\/v2\/media?parent=1283"}],"curies":[{"name":"wp","href":"https:\/\/api.w.org\/{rel}","templated":true}]}}