{"id":1287,"date":"2022-12-06T11:05:12","date_gmt":"2022-12-06T11:05:12","guid":{"rendered":"https:\/\/nuovarivetteriabolognese.it\/?page_id=1287"},"modified":"2023-02-07T12:13:32","modified_gmt":"2023-02-07T12:13:32","slug":"macchine-ripresa","status":"publish","type":"page","link":"https:\/\/nuovarivetteriabolognese.it\/de\/macchine-ripresa\/","title":{"rendered":"Maschinen f\u00fcr wiederaufnahme"},"content":{"rendered":"<div class=\"vce-row-container\" data-vce-boxed-width=\"true\"><div class=\"vce-row vce-row--col-gap-30 vce-row-equal-height vce-row-content--top\" id=\"el-606383d0\" data-vce-do-apply=\"all el-606383d0\"><div class=\"vce-content-background-container\"><\/div><div class=\"vce-row-content\" data-vce-element-content=\"true\"><div class=\"vce-col vce-col--md-auto vce-col--xs-1 vce-col--xs-last vce-col--xs-first vce-col--sm-last vce-col--sm-first vce-col--md-last vce-col--lg-last vce-col--xl-last vce-col--md-first vce-col--lg-first vce-col--xl-first\" id=\"el-c1acbe9d\"><div class=\"vce-col-inner\" data-vce-do-apply=\"border margin background  el-c1acbe9d\"><div class=\"vce-col-content\" data-vce-element-content=\"true\" data-vce-do-apply=\"padding el-c1acbe9d\"><section class=\"vce-hero-section-container vce-hero-section-media--xs vce-hero-section-media--sm vce-hero-section-media--md vce-hero-section-media--lg vce-hero-section-media--xl\"><div class=\"vce vce-hero-section\" id=\"el-edf9720e\" data-vce-do-apply=\"margin background border  el-edf9720e\"><div class=\"vce-hero-section--wrap-row vce-hero-section--background-position-center-center\" style=\"background-image: url('https:\/\/nuovarivetteriabolognese.it\/wp-content\/uploads\/2022\/11\/precontent21-e1669823189816.jpg');\"><div class=\"vce-hero-section--wrap\"><div class=\"vce-hero-section--content\" data-vce-do-apply=\"padding el-edf9720e\"><div class=\"vce-hero-section--content-container\"><\/div><\/div><\/div><\/div><\/div><\/section><\/div><\/div><\/div><\/div><\/div><\/div><div class=\"vce-row-container\" data-vce-boxed-width=\"true\"><div class=\"vce-row vce-row--col-gap-30 vce-row-equal-height vce-row-content--top\" id=\"el-a105ae28\" data-vce-do-apply=\"all el-a105ae28\"><div class=\"vce-content-background-container\"><\/div><div class=\"vce-row-content\" data-vce-element-content=\"true\"><div class=\"vce-col vce-col--md-auto vce-col--xs-1 vce-col--xs-last vce-col--xs-first vce-col--sm-last vce-col--sm-first vce-col--md-first vce-col--lg-first vce-col--xl-first\" id=\"el-10f316c4\"><div class=\"vce-col-inner\" data-vce-do-apply=\"border margin background  el-10f316c4\"><div class=\"vce-col-content\" data-vce-element-content=\"true\" data-vce-do-apply=\"padding el-10f316c4\"><div class=\"vce-single-image-container vce-single-image--align-left\"><div class=\"vce vce-single-image-wrapper\" id=\"el-5e76af2f\" data-vce-do-apply=\"all el-5e76af2f\"><figure><div class=\"vce-single-image-figure-inner\" style=\"width: 470px;\"><div class=\"vce-single-image-inner vce-single-image--absolute\" style=\"width: 100%; padding-bottom: 72.340426%;\"><img loading=\"lazy\" decoding=\"async\" class=\"vce-single-image\"  width=\"470\" height=\"340\" srcset=\"https:\/\/nuovarivetteriabolognese.it\/wp-content\/uploads\/2022\/12\/ripresa-320x231.jpg 320w, https:\/\/nuovarivetteriabolognese.it\/wp-content\/uploads\/2023\/02\/ripresa-470x340.jpg 470w\" src=\"https:\/\/nuovarivetteriabolognese.it\/wp-content\/uploads\/2023\/02\/ripresa-470x340.jpg\" data-img-src=\"https:\/\/nuovarivetteriabolognese.it\/wp-content\/uploads\/2022\/12\/ripresa.jpg\" data-attachment-id=\"1344\"  alt=\"\" title=\"ripresa\" \/><\/div><\/div><figcaption hidden=\"\"><\/figcaption><\/figure><\/div><\/div><\/div><\/div><\/div><div class=\"vce-col vce-col--md-auto vce-col--xs-1 vce-col--xs-last vce-col--xs-first vce-col--sm-last vce-col--sm-first vce-col--md-last vce-col--lg-last vce-col--xl-last\" id=\"el-ad3af7fa\"><div class=\"vce-col-inner\" data-vce-do-apply=\"border margin background  el-ad3af7fa\"><div class=\"vce-col-content\" data-vce-element-content=\"true\" data-vce-do-apply=\"padding el-ad3af7fa\"><div class=\"vce-text-block\"><div class=\"vce-text-block-wrapper vce\" id=\"el-b8e21166\" data-vce-do-apply=\"all el-b8e21166\"><p class=\" translation-block\">Unserer Wiederaufnahme-Abteilung stehen \u00fcber 40 Maschinen f\u00fcr eine mechanische Nacharbeit zur Verf\u00fcgung. Damit sind s\u00e4mtliche f\u00fcr das Endprodukt notwendigen Nacharbeiten, wie beispielsweise Gewindewalzen und -rollen, Mutternherstellung, Anbringung von Sechskant oder Kuppen sind damit m\u00f6glich.\nJe nach Anforderung unserer Kunden, k\u00f6nnen alle Produkte mit L\u00f6semittel gereinigt, poliert, getrommelt \/ trowalisiert oder mit Beschichtungen zur Vermeidung von Rost behandelt werden.<\/p><\/div><\/div><\/div><\/div><\/div><\/div><\/div><\/div>","protected":false},"excerpt":{"rendered":"<p class=\" translation-block\">Unserer Wiederaufnahme-Abteilung stehen \u00fcber 40 Maschinen f\u00fcr eine mechanische Nacharbeit zur Verf\u00fcgung. Damit sind s\u00e4mtliche f\u00fcr das Endprodukt notwendigen Nacharbeiten, wie beispielsweise Gewindewalzen und -rollen, Mutternherstellung, Anbringung von Sechskant oder Kuppen sind damit m\u00f6glich.\nJe nach Anforderung unserer Kunden, k\u00f6nnen alle Produkte mit L\u00f6semittel gereinigt, poliert, getrommelt \/ trowalisiert oder mit Beschichtungen zur Vermeidung von Rost behandelt werden.<\/p>","protected":false},"author":1,"featured_media":0,"parent":0,"menu_order":0,"comment_status":"closed","ping_status":"closed","template":"page-templates\/pagebuilder.php","meta":{"footnotes":""},"class_list":["post-1287","page","type-page","status-publish","hentry"],"_links":{"self":[{"href":"https:\/\/nuovarivetteriabolognese.it\/de\/wp-json\/wp\/v2\/pages\/1287","targetHints":{"allow":["GET"]}}],"collection":[{"href":"https:\/\/nuovarivetteriabolognese.it\/de\/wp-json\/wp\/v2\/pages"}],"about":[{"href":"https:\/\/nuovarivetteriabolognese.it\/de\/wp-json\/wp\/v2\/types\/page"}],"author":[{"embeddable":true,"href":"https:\/\/nuovarivetteriabolognese.it\/de\/wp-json\/wp\/v2\/users\/1"}],"replies":[{"embeddable":true,"href":"https:\/\/nuovarivetteriabolognese.it\/de\/wp-json\/wp\/v2\/comments?post=1287"}],"version-history":[{"count":3,"href":"https:\/\/nuovarivetteriabolognese.it\/de\/wp-json\/wp\/v2\/pages\/1287\/revisions"}],"predecessor-version":[{"id":1955,"href":"https:\/\/nuovarivetteriabolognese.it\/de\/wp-json\/wp\/v2\/pages\/1287\/revisions\/1955"}],"wp:attachment":[{"href":"https:\/\/nuovarivetteriabolognese.it\/de\/wp-json\/wp\/v2\/media?parent=1287"}],"curies":[{"name":"wp","href":"https:\/\/api.w.org\/{rel}","templated":true}]}}