{"id":1883,"date":"2022-12-07T14:35:52","date_gmt":"2022-12-07T14:35:52","guid":{"rendered":"https:\/\/nuovarivetteriabolognese.it\/?page_id=1883"},"modified":"2026-03-09T11:21:22","modified_gmt":"2026-03-09T11:21:22","slug":"home","status":"publish","type":"page","link":"https:\/\/nuovarivetteriabolognese.it\/de\/","title":{"rendered":"Startseite"},"content":{"rendered":"<div class=\"vce-row-container\" data-vce-boxed-width=\"true\"><div class=\"vce-row vce-row--col-gap-30 vce-row-equal-height vce-row-content--top\" id=\"el-bb349053\" data-vce-do-apply=\"all el-bb349053\"><div class=\"vce-content-background-container\"><\/div><div class=\"vce-row-content\" data-vce-element-content=\"true\"><div class=\"vce-col vce-col--md-auto vce-col--xs-1 vce-col--xs-last vce-col--xs-first vce-col--sm-last vce-col--sm-first vce-col--md-last vce-col--lg-last vce-col--xl-last vce-col--md-first vce-col--lg-first vce-col--xl-first\" id=\"el-cb4620bd\"><div class=\"vce-col-inner\" data-vce-do-apply=\"border margin background  el-cb4620bd\"><div class=\"vce-col-content\" data-vce-element-content=\"true\" data-vce-do-apply=\"padding el-cb4620bd\"><section class=\"vce-hero-section-container vce-hero-section-media--xs vce-hero-section-media--sm vce-hero-section-media--md vce-hero-section-media--lg vce-hero-section-media--xl\"><div class=\"vce vce-hero-section\" id=\"el-234a4587\" data-vce-do-apply=\"margin background border  el-234a4587\"><div class=\"vce-hero-section--wrap-row\"><div class=\"vce-hero-section--wrap\"><div class=\"vce-hero-section--content\" data-vce-do-apply=\"padding el-234a4587\"><div class=\"vce-hero-section--content-container\"><h1><span style=\"font-size: 36pt;\"><strong>Nuova Rivetteria Bolognese<\/strong><\/span><\/h1><\/div><div><\/div><\/div><\/div><\/div><\/div><\/section><\/div><\/div><\/div><\/div><\/div><\/div><div class=\"vce-row-container\" data-vce-boxed-width=\"true\"><div class=\"vce-row vce-row--col-gap-30 vce-row-equal-height vce-row-content--top\" id=\"el-f8660108\" data-vce-do-apply=\"all el-f8660108\"><div class=\"vce-row-content\" data-vce-element-content=\"true\"><div class=\"vce-col vce-col--md-auto vce-col--xs-1 vce-col--xs-last vce-col--xs-first vce-col--sm-last vce-col--sm-first vce-col--md-last vce-col--lg-last vce-col--xl-last vce-col--md-first vce-col--lg-first vce-col--xl-first\" id=\"el-8fc19598\"><div class=\"vce-col-inner\" data-vce-do-apply=\"border margin background  el-8fc19598\"><div class=\"vce-col-content\" data-vce-element-content=\"true\" data-vce-do-apply=\"padding el-8fc19598\"><div class=\"vce vce-separator-with-icon-container vce-separator-with-icon--align-center\" id=\"el-276ac469\" data-vce-do-apply=\"margin el-276ac469\"><div class=\"vce-separator-with-icon vce-separator-with-icon--color-bfc0c1 vce-separator-with-icon--width-60\" data-vce-do-apply=\"border padding background  el-276ac469\"><div class=\"vce-separator-with-icon--line vce-separator-with-icon--line--style-solid vce-separator-with-icon-line--thickness-1 vce-separator-with-icon--line-left\"><\/div><div class=\"vce-separator-with-icon--icon vce-icon vce-separator-with-icon--icon--style-shape-none vce-separator-with-icon--icon--style-size-medium vce-separator-with-icon--icon--style-color-b-20-185-255 vce-separator-with-icon--icon--style-shape-color-3cb878\"><svg xmlns=\"https:\/\/www.w3.org\/2000\/svg\" viewbox=\"0 0 769 769\"><path stroke-width=\"40\" d=\"M565.755 696.27h-360l-180-311.77 180-311.77h360l180 311.77z\"><\/path><\/svg><span class=\"vce-icon-container fas fa-home\"><\/span><\/div><div class=\"vce-separator-with-icon--line vce-separator-with-icon--line--style-solid vce-separator-with-icon-line--thickness-1 vce-separator-with-icon--line-right\"><\/div><\/div><\/div><\/div><\/div><\/div><\/div><\/div><\/div><div class=\"vce-row-container\" data-vce-boxed-width=\"true\"><div class=\"vce-row vce-row--col-gap-30 vce-row-equal-height vce-row-content--top\" id=\"el-eb463f9b\" data-vce-do-apply=\"all el-eb463f9b\"><div class=\"vce-content-background-container\"><\/div><div class=\"vce-row-content\" data-vce-element-content=\"true\"><div class=\"vce-col vce-col--md-57p vce-col--xs-1 vce-col--xs-last vce-col--xs-first vce-col--sm-last vce-col--sm-first vce-col--md-first vce-col--lg-first vce-col--xl-first\" id=\"el-d96953f1\"><div class=\"vce-col-inner\" data-vce-do-apply=\"border margin background  el-d96953f1\"><div class=\"vce-col-content\" data-vce-element-content=\"true\" data-vce-do-apply=\"padding el-d96953f1\"><div class=\"vce-text-block\"><div class=\"vce-text-block-wrapper vce\" id=\"el-b3184da7\" data-vce-do-apply=\"all el-b3184da7\"><p>Die Firma Nuova Rivetteria Bolognese ist seit 1960 im Bereich der Verbindungselemente t\u00e4tig (Schrauben, Bolzen, Muttern, Niete, Exzenterniete \u2026) und hat seine Aktivit\u00e4ten in ganz Europa ausgeweitet.<\/p><p>Mit unserer jahrelangen Erfahrung beraten wir unsere Kunden, um deren Funktionalit\u00e4tsprobleme zu l\u00f6sen und eine best\u00e4ndige technische Verbesserung zu garantieren.<\/p><p>Die Qualit\u00e4t unserer Produkte geht dabei Hand in Hand mit unserem Service. Unsere Flexibilit\u00e4t bei der Produktion und Lieferung erstreckt sich \u00fcber die Ber\u00fccksichtigung jeder spezifischen Anforderung des Kunden, sowie der Planung und Entwicklung komplexerer Verbindungselemente. \nZu unseren Hauptkunden z\u00e4hlen f\u00fchrende Hersteller aus dem Bereich Automotive, der M\u00f6belindustrie, Elektrohaushaltsger\u00e4te, Aluminiumt\u00fcren und \u2013Fenster, sowie Sportger\u00e4teausr\u00fcster. Dar\u00fcber hinaus wenden sich auch zahlreiche Gro\u00dfh\u00e4ndler f\u00fcr Norm- und  Sonderteile an uns, um von unserem Know How zu profitieren.<\/p><p>Unter anderem hat sich NRB auf die Herstellung von nachfolgenden Teilen spezialisiert:<\/p><ul id=\"g1-list-1\" class=\"g1-list--icon g1-list--simple\"><li>Niete<\/li><li>Schrauben<\/li><li>Bolzen<\/li><li>Muttern<\/li><li>Halbholniete<\/li><li>Exzenterniete<\/li><li>H\u00fclsen und Distanzbuchsen<\/li><\/ul><p>Mit unseren vorr\u00e4tigen Werkstoffen, sowie den bekannten H\u00e4rte- und Oberfl\u00e4chenbehandlungen, erf\u00fcllen wir erfolgreich nahezu jede Anforderung unserer Kunden.<br>Unsere M\u00f6glichkeit zur mechanischen Nachbearbeitung vervollst\u00e4ndigt unser Fertigungsspektrum.  Zur Verf\u00fcgung stehen unter anderem, Gewindewalzen, R\u00e4ndeln, Gewindebohren, Anbringung von Au\u00dfensechskant,  Ankuppen, sowie das Finishing (L\u00f6semittelreinigung, Trommeln, Polieren) und eine anschlie\u00dfende optische und mechanische Sortierung.<\/p><\/div><\/div><\/div><\/div><\/div><div class=\"vce-col vce-col--md-43p vce-col--xs-1 vce-col--xs-last vce-col--xs-first vce-col--sm-last vce-col--sm-first vce-col--md-last vce-col--lg-last vce-col--xl-last\" id=\"el-752a2d78\"><div class=\"vce-col-inner\" data-vce-do-apply=\"border margin background  el-752a2d78\"><div class=\"vce-col-content\" data-vce-element-content=\"true\" data-vce-do-apply=\"padding el-752a2d78\"><div class=\"vce-single-image-container vce-single-image--align-center\"><div class=\"vce vce-single-image-wrapper\" id=\"el-a8609510\" data-vce-do-apply=\"all el-a8609510\"><figure><div class=\"vce-single-image-figure-inner\" style=\"width: 470px;\"><div class=\"vce-single-image-inner vce-single-image--absolute\" style=\"width: 100%; padding-bottom: 166.383%;\"><img loading=\"lazy\" decoding=\"async\" class=\"vce-single-image\"  width=\"470\" height=\"782\" srcset=\"https:\/\/nuovarivetteriabolognese.it\/wp-content\/uploads\/2026\/03\/Senza-titolo-2-320x532.jpg 320w, https:\/\/nuovarivetteriabolognese.it\/wp-content\/uploads\/2026\/03\/Senza-titolo-2-470x782.jpg 470w\" src=\"https:\/\/nuovarivetteriabolognese.it\/wp-content\/uploads\/2026\/03\/Senza-titolo-2-470x782.jpg\" data-img-src=\"https:\/\/nuovarivetteriabolognese.it\/wp-content\/uploads\/2022\/11\/Senza-titolo-2.jpg\" data-attachment-id=\"27\"  alt=\"\" title=\"Senza-titolo-2\" \/><\/div><\/div><figcaption hidden=\"\"><\/figcaption><\/figure><\/div><\/div><\/div><\/div><\/div><\/div><\/div><\/div><div class=\"vce-row-container\" data-vce-boxed-width=\"true\"><div class=\"vce-row vce-row--col-gap-30 vce-row-equal-height vce-row-content--top\" id=\"el-57a9c48a\" data-vce-do-apply=\"all el-57a9c48a\"><div class=\"vce-row-content\" data-vce-element-content=\"true\"><div class=\"vce-col vce-col--md-auto vce-col--xs-1 vce-col--xs-last vce-col--xs-first vce-col--sm-last vce-col--sm-first vce-col--md-last vce-col--lg-last vce-col--xl-last vce-col--md-first vce-col--lg-first vce-col--xl-first\" id=\"el-7594ecc2\"><div class=\"vce-col-inner\" data-vce-do-apply=\"border margin background  el-7594ecc2\"><div class=\"vce-col-content\" data-vce-element-content=\"true\" data-vce-do-apply=\"padding el-7594ecc2\"><div class=\"vce-image-masonry-gallery vce-image-masonry-gallery--border-rounded\"><div class=\"vce-image-masonry-gallery-wrapper vce vce-image-masonry-gallery--gap-10 vce-image-masonry-gallery--columns-3\" id=\"el-11746b98\" data-vce-do-apply=\"all el-11746b98\"><div class=\"vce-image-masonry-gallery-list\"><div class=\"vce-image-masonry-gallery-column\"><div class=\"vce-image-masonry-gallery-item\"><img decoding=\"async\" class=\"vce-image-masonry-gallery-img\" src=\"https:\/\/nuovarivetteriabolognese.it\/wp-content\/uploads\/2022\/12\/galleria_0005_010_NRB_lavorazioni_0071.jpg\" alt=\"\"><\/div><div class=\"vce-image-masonry-gallery-item\"><img decoding=\"async\" class=\"vce-image-masonry-gallery-img\" src=\"https:\/\/nuovarivetteriabolognese.it\/wp-content\/uploads\/2022\/12\/galleria_0000_03_NRB_lavorazioni_0029.jpg\" alt=\"\"><\/div><\/div><div class=\"vce-image-masonry-gallery-column\"><div class=\"vce-image-masonry-gallery-item\"><img decoding=\"async\" class=\"vce-image-masonry-gallery-img\" src=\"https:\/\/nuovarivetteriabolognese.it\/wp-content\/uploads\/2022\/12\/galleria_0003_012_NRB_lavorazioni_0213.jpg\" alt=\"\"><\/div><div class=\"vce-image-masonry-gallery-item\"><img decoding=\"async\" class=\"vce-image-masonry-gallery-img\" src=\"https:\/\/nuovarivetteriabolognese.it\/wp-content\/uploads\/2022\/12\/galleria_0009_04_NRB_lavorazioni_0020.jpg\" alt=\"\"><\/div><\/div><div class=\"vce-image-masonry-gallery-column\"><div class=\"vce-image-masonry-gallery-item\"><img decoding=\"async\" class=\"vce-image-masonry-gallery-img\" src=\"https:\/\/nuovarivetteriabolognese.it\/wp-content\/uploads\/2022\/12\/galleria_0002_08_NRB_lavorazioni_0152.jpg\" alt=\"\"><\/div><div class=\"vce-image-masonry-gallery-item\"><img decoding=\"async\" class=\"vce-image-masonry-gallery-img\" src=\"https:\/\/nuovarivetteriabolognese.it\/wp-content\/uploads\/2022\/12\/galleria_0010_02_NRB_lavorazioni_0061.jpg\" alt=\"\"><\/div><\/div><\/div><\/div><\/div><\/div><\/div><\/div><\/div><\/div><\/div><div class=\"vce-row-container\" data-vce-boxed-width=\"true\"><div class=\"vce-row vce-row--col-gap-30 vce-row-equal-height vce-row-content--top\" id=\"el-b8b5f92e\" data-vce-do-apply=\"all el-b8b5f92e\"><div class=\"vce-row-content\" data-vce-element-content=\"true\"><div class=\"vce-col vce-col--md-auto vce-col--xs-1 vce-col--xs-last vce-col--xs-first vce-col--sm-last vce-col--sm-first vce-col--md-last vce-col--lg-last vce-col--xl-last vce-col--md-first vce-col--lg-first vce-col--xl-first\" id=\"el-80494cce\"><div class=\"vce-col-inner\" data-vce-do-apply=\"border margin background  el-80494cce\"><div class=\"vce-col-content\" data-vce-element-content=\"true\" data-vce-do-apply=\"padding el-80494cce\"><div class=\"vce vce-separator-with-title-container vce-separator-with-title--align-center\" id=\"el-0ecd94cc\" data-vce-do-apply=\"margin el-0ecd94cc\"><div class=\"vce-separator-with-title vce-separator-with-title--color-bfc0c1 vce-separator-with-title--width-60\" data-vce-do-apply=\"border padding background  el-0ecd94cc\"><div class=\"vce-separator-with-title--line vce-separator-with-title--line--style-solid vce-separator-with-title-line--thickness-1 vce-separator-with-title--line-left\"><\/div><h3 class=\"vce-separator-with-title--title vce-separator-with-title--title--color-b-20-185-255\">Datei-Downloads PDF<\/h3><div class=\"vce-separator-with-title--line vce-separator-with-title--line--style-solid vce-separator-with-title-line--thickness-1 vce-separator-with-title--line-right\"><\/div><\/div><\/div><\/div><\/div><\/div><\/div><\/div><\/div><div class=\"vce-row-container\" data-vce-boxed-width=\"true\"><div class=\"vce-row vce-row--col-gap-30 vce-row-equal-height vce-row-content--top\" id=\"el-e8af2fce\" data-vce-do-apply=\"all el-e8af2fce\"><div class=\"vce-row-content\" data-vce-element-content=\"true\"><div class=\"vce-col vce-col--md-auto vce-col--xs-1 vce-col--xs-last vce-col--xs-first vce-col--sm-last vce-col--sm-first vce-col--md-first vce-col--lg-first vce-col--xl-first\" id=\"el-81019c0f\"><div class=\"vce-col-inner\" data-vce-do-apply=\"border margin background  el-81019c0f\"><div class=\"vce-col-content\" data-vce-element-content=\"true\" data-vce-do-apply=\"padding el-81019c0f\"><div class=\"vce-single-image-container vce-single-image--align-center\"><div class=\"vce vce-single-image-wrapper\" id=\"el-e8f06733\" data-vce-do-apply=\"all el-e8f06733\"><figure><div class=\"vce-single-image-figure-inner\" style=\"width: 300px;\"><div class=\"vce-single-image-inner vce-single-image--absolute\" style=\"width: 100%; padding-bottom: 84.3333%;\"><img loading=\"lazy\" decoding=\"async\" class=\"vce-single-image\"  width=\"300\" height=\"253\" srcset=\"https:\/\/nuovarivetteriabolognese.it\/wp-content\/uploads\/2026\/03\/Sello_AENOR_gestione_ambientale_ISO_14001_ITA_POS-300x254.jpg 300w, https:\/\/nuovarivetteriabolognese.it\/wp-content\/uploads\/2026\/03\/Sello_AENOR_gestione_ambientale_ISO_14001_ITA_POS-320x270.jpg 320w\" src=\"https:\/\/nuovarivetteriabolognese.it\/wp-content\/uploads\/2026\/03\/Sello_AENOR_gestione_ambientale_ISO_14001_ITA_POS-300x254.jpg\" data-img-src=\"https:\/\/nuovarivetteriabolognese.it\/wp-content\/uploads\/2026\/03\/Sello_AENOR_gestione_ambientale_ISO_14001_ITA_POS.jpg\" data-attachment-id=\"2054\"  alt=\"\" title=\"Sello_AENOR_gestione_ambientale_ISO_14001_ITA_POS\" \/><\/div><\/div><figcaption hidden=\"\"><\/figcaption><\/figure><\/div><\/div><div class=\"vce-button--style-basic-container vce-button--style-basic-container--align-center\"><span class=\"vce-button--style-basic-wrapper vce\" id=\"el-6f924c72\" data-vce-do-apply=\"margin el-6f924c72\"><a class=\"vce-button vce-button--style-basic vce-button--style-basic--border-square vce-button--style-basic--size-medium vce-button--style-basic--color-b-20-185-255--fff\" href=\"https:\/\/nuovarivetteriabolognese.it\/wp-content\/uploads\/2023\/02\/14001_EN.pdf\" title=\"\" data-vce-do-apply=\"padding border background  el-6f924c72\">ISO 14001:2015<\/a><\/span><\/div><\/div><\/div><\/div><div class=\"vce-col vce-col--md-auto vce-col--xs-1 vce-col--xs-last vce-col--xs-first vce-col--sm-last vce-col--sm-first\" id=\"el-64da715a\"><div class=\"vce-col-inner\" data-vce-do-apply=\"border margin background  el-64da715a\"><div class=\"vce-col-content\" data-vce-element-content=\"true\" data-vce-do-apply=\"padding el-64da715a\"><div class=\"vce-single-image-container vce-single-image--align-center\"><div class=\"vce vce-single-image-wrapper\" id=\"el-a068949a\" data-vce-do-apply=\"all el-a068949a\"><figure><div class=\"vce-single-image-figure-inner\" style=\"width: 220px;\"><div class=\"vce-single-image-inner vce-single-image--absolute\" style=\"width: 100%; padding-bottom: 63.1818%;\"><img loading=\"lazy\" decoding=\"async\" class=\"vce-single-image\"  width=\"220\" height=\"139\" srcset=\"https:\/\/nuovarivetteriabolognese.it\/wp-content\/uploads\/2026\/03\/ISO9001_2015-220x139.jpg 220w\" src=\"https:\/\/nuovarivetteriabolognese.it\/wp-content\/uploads\/2026\/03\/ISO9001_2015-220x139.jpg\" data-img-src=\"https:\/\/nuovarivetteriabolognese.it\/wp-content\/uploads\/2022\/11\/ISO9001_2015.jpg\" data-attachment-id=\"1567\"  alt=\"\" title=\"ISO9001_2015\" \/><\/div><\/div><figcaption hidden=\"\"><\/figcaption><\/figure><\/div><\/div><div class=\"vce-button--style-basic-container vce-button--style-basic-container--align-center\"><span class=\"vce-button--style-basic-wrapper vce\" id=\"el-9a3d5bd9\" data-vce-do-apply=\"margin el-9a3d5bd9\"><a class=\"vce-button vce-button--style-basic vce-button--style-basic--border-square vce-button--style-basic--size-medium vce-button--style-basic--color-b-20-185-255--fff\" href=\"https:\/\/nuovarivetteriabolognese.it\/wp-content\/uploads\/2024\/10\/Certificato-ISO-9001.pdf\" title=\"\" target=\"_blank\" data-vce-do-apply=\"padding border background  el-9a3d5bd9\">ISO 9001:2015<\/a><\/span><\/div><\/div><\/div><\/div><div class=\"vce-col vce-col--md-auto vce-col--xs-1 vce-col--xs-last vce-col--xs-first vce-col--sm-last vce-col--sm-first\" id=\"el-bcb2c8d1\"><div class=\"vce-col-inner\" data-vce-do-apply=\"border margin background  el-bcb2c8d1\"><div class=\"vce-col-content\" data-vce-element-content=\"true\" data-vce-do-apply=\"padding el-bcb2c8d1\"><div class=\"vce-single-image-container vce-single-image--align-center\"><div class=\"vce vce-single-image-wrapper\" id=\"el-499fce6f\" data-vce-do-apply=\"all el-499fce6f\"><figure><div class=\"vce-single-image-figure-inner\" style=\"width: 227px;\"><div class=\"vce-single-image-inner vce-single-image--absolute\" style=\"width: 100%; padding-bottom: 65.1982%;\"><img loading=\"lazy\" decoding=\"async\" class=\"vce-single-image\"  width=\"227\" height=\"148\" srcset=\"https:\/\/nuovarivetteriabolognese.it\/wp-content\/uploads\/2026\/03\/IATF16949-227x148.jpg 227w\" src=\"https:\/\/nuovarivetteriabolognese.it\/wp-content\/uploads\/2026\/03\/IATF16949-227x148.jpg\" data-img-src=\"https:\/\/nuovarivetteriabolognese.it\/wp-content\/uploads\/2022\/11\/IATF16949.jpg\" data-attachment-id=\"1573\"  alt=\"\" title=\"IATF16949\" \/><\/div><\/div><figcaption hidden=\"\"><\/figcaption><\/figure><\/div><\/div><div class=\"vce-button--style-basic-container vce-button--style-basic-container--align-center\"><span class=\"vce-button--style-basic-wrapper vce\" id=\"el-25907fc8\" data-vce-do-apply=\"margin el-25907fc8\"><a class=\"vce-button vce-button--style-basic vce-button--style-basic--border-square vce-button--style-basic--size-medium vce-button--style-basic--color-b-20-185-255--fff\" href=\"https:\/\/nuovarivetteriabolognese.it\/wp-content\/uploads\/2024\/10\/Certificato-IATF-16949-.pdf\" title=\"\" target=\"_blank\" data-vce-do-apply=\"padding border background  el-25907fc8\">ISO 16949:2016<\/a><\/span><\/div><\/div><\/div><\/div><div class=\"vce-col vce-col--md-auto vce-col--xs-1 vce-col--xs-last vce-col--xs-first vce-col--sm-last vce-col--sm-first vce-col--md-last vce-col--lg-last vce-col--xl-last\" id=\"el-302dcfab\"><div class=\"vce-col-inner\" data-vce-do-apply=\"border margin background  el-302dcfab\"><div class=\"vce-col-content\" data-vce-element-content=\"true\" data-vce-do-apply=\"padding el-302dcfab\"><div class=\"vce-single-image-container vce-single-image--align-center\"><div class=\"vce vce-single-image-wrapper\" id=\"el-5c5e1c2a\" data-vce-do-apply=\"all el-5c5e1c2a\"><figure><div class=\"vce-single-image-figure-inner\" style=\"width: 300px;\"><div class=\"vce-single-image-inner vce-single-image--absolute\" style=\"width: 100%; padding-bottom: 84.3333%;\"><img loading=\"lazy\" decoding=\"async\" class=\"vce-single-image\"  width=\"300\" height=\"253\" srcset=\"https:\/\/nuovarivetteriabolognese.it\/wp-content\/uploads\/2026\/03\/Sello_AENOR_ISO_45001_IT_POS-300x254.jpg 300w, https:\/\/nuovarivetteriabolognese.it\/wp-content\/uploads\/2026\/03\/Sello_AENOR_ISO_45001_IT_POS-320x270.jpg 320w\" src=\"https:\/\/nuovarivetteriabolognese.it\/wp-content\/uploads\/2026\/03\/Sello_AENOR_ISO_45001_IT_POS-300x254.jpg\" data-img-src=\"https:\/\/nuovarivetteriabolognese.it\/wp-content\/uploads\/2026\/03\/Sello_AENOR_ISO_45001_IT_POS.jpg\" data-attachment-id=\"2055\"  alt=\"\" title=\"Sello_AENOR_ISO_45001_IT_POS\" \/><\/div><\/div><figcaption hidden=\"\"><\/figcaption><\/figure><\/div><\/div><div class=\"vce-button--style-basic-container vce-button--style-basic-container--align-center\"><span class=\"vce-button--style-basic-wrapper vce\" id=\"el-2b66f0c7\" data-vce-do-apply=\"margin el-2b66f0c7\"><a class=\"vce-button vce-button--style-basic vce-button--style-basic--border-square vce-button--style-basic--size-medium vce-button--style-basic--color-b-20-185-255--fff\" href=\"https:\/\/nuovarivetteriabolognese.it\/wp-content\/uploads\/2024\/03\/CertificadoSST-0025-2021_IT_2024-02-20.pdf\" title=\"\" data-vce-do-apply=\"padding border background  el-2b66f0c7\">ISO 45001:2015<\/a><\/span><\/div><\/div><\/div><\/div><\/div><\/div><\/div><div class=\"vce-row-container\" data-vce-boxed-width=\"true\"><div class=\"vce-row vce-row--col-gap-30 vce-row-equal-height vce-row-content--top\" id=\"el-e9f70403\" data-vce-do-apply=\"all el-e9f70403\"><div class=\"vce-row-content\" data-vce-element-content=\"true\"><div class=\"vce-col vce-col--md-auto vce-col--xs-1 vce-col--xs-last vce-col--xs-first vce-col--sm-last vce-col--sm-first vce-col--md-first vce-col--lg-first vce-col--xl-first\" id=\"el-47b2d3f7\"><div class=\"vce-col-inner\" data-vce-do-apply=\"border margin background  el-47b2d3f7\"><div class=\"vce-col-content\" data-vce-element-content=\"true\" data-vce-do-apply=\"padding el-47b2d3f7\"><div class=\"vce-button--style-basic-container vce-button--style-basic-container--align-center\"><span class=\"vce-button--style-basic-wrapper vce\" id=\"el-53fa072a\" data-vce-do-apply=\"margin el-53fa072a\"><a class=\"vce-button vce-button--style-basic vce-button--style-basic--border-square vce-button--style-basic--size-medium vce-button--style-basic--color-b-20-185-255--fff\" href=\"https:\/\/nuovarivetteriabolognese.it\/wp-content\/uploads\/2023\/12\/PGA-01-All.-A-Politica-Ambientale.pdf\" title=\"\" data-vce-do-apply=\"padding border background  el-53fa072a\">PGA<\/a><\/span><\/div><\/div><\/div><\/div><div class=\"vce-col vce-col--md-auto vce-col--xs-1 vce-col--xs-last vce-col--xs-first vce-col--sm-last vce-col--sm-first\" id=\"el-f809eab5\"><div class=\"vce-col-inner\" data-vce-do-apply=\"border margin background  el-f809eab5\"><div class=\"vce-col-content\" data-vce-element-content=\"true\" data-vce-do-apply=\"padding el-f809eab5\"><div><\/div><\/div><\/div><\/div><div class=\"vce-col vce-col--md-auto vce-col--xs-1 vce-col--xs-last vce-col--xs-first vce-col--sm-last vce-col--sm-first\" id=\"el-72c05dd4\"><div class=\"vce-col-inner\" data-vce-do-apply=\"border margin background  el-72c05dd4\"><div class=\"vce-col-content\" data-vce-element-content=\"true\" data-vce-do-apply=\"padding el-72c05dd4\"><div><\/div><\/div><\/div><\/div><div class=\"vce-col vce-col--md-auto vce-col--xs-1 vce-col--xs-last vce-col--xs-first vce-col--sm-last vce-col--sm-first vce-col--md-last vce-col--lg-last vce-col--xl-last\" id=\"el-6ccf46cc\"><div class=\"vce-col-inner\" data-vce-do-apply=\"border margin background  el-6ccf46cc\"><div class=\"vce-col-content\" data-vce-element-content=\"true\" data-vce-do-apply=\"padding el-6ccf46cc\"><div><\/div><\/div><\/div><\/div><\/div><\/div><\/div>","protected":false},"excerpt":{"rendered":"<p>Nuova Rivetteria BologneseL\u2019 azienda Nuova Rivetteria Bolognese opera dal 1960 nel mercato degli elementi di fissaggio (viteria,&nbsp;bulloneria, dadi, ribattini, eccentrici\u2026), ed ha espanso la sua attivit\u00e0 su tutto il territorio europeo.La&nbsp;lunga esperienza nel settore \u00e8 a disposizione dei clienti per la ricerca di soluzioni ai problemi applicativi,&nbsp;garantendo un costante miglioramento tecnico.All\u2019alta qualit\u00e0 dei prodotti si [&hellip;]<\/p>","protected":false},"author":1,"featured_media":0,"parent":0,"menu_order":0,"comment_status":"closed","ping_status":"closed","template":"","meta":{"footnotes":""},"class_list":["post-1883","page","type-page","status-publish","hentry"],"_links":{"self":[{"href":"https:\/\/nuovarivetteriabolognese.it\/de\/wp-json\/wp\/v2\/pages\/1883","targetHints":{"allow":["GET"]}}],"collection":[{"href":"https:\/\/nuovarivetteriabolognese.it\/de\/wp-json\/wp\/v2\/pages"}],"about":[{"href":"https:\/\/nuovarivetteriabolognese.it\/de\/wp-json\/wp\/v2\/types\/page"}],"author":[{"embeddable":true,"href":"https:\/\/nuovarivetteriabolognese.it\/de\/wp-json\/wp\/v2\/users\/1"}],"replies":[{"embeddable":true,"href":"https:\/\/nuovarivetteriabolognese.it\/de\/wp-json\/wp\/v2\/comments?post=1883"}],"version-history":[{"count":18,"href":"https:\/\/nuovarivetteriabolognese.it\/de\/wp-json\/wp\/v2\/pages\/1883\/revisions"}],"predecessor-version":[{"id":2057,"href":"https:\/\/nuovarivetteriabolognese.it\/de\/wp-json\/wp\/v2\/pages\/1883\/revisions\/2057"}],"wp:attachment":[{"href":"https:\/\/nuovarivetteriabolognese.it\/de\/wp-json\/wp\/v2\/media?parent=1883"}],"curies":[{"name":"wp","href":"https:\/\/api.w.org\/{rel}","templated":true}]}}