{"id":563,"date":"2021-12-13T04:15:18","date_gmt":"2021-12-13T04:15:18","guid":{"rendered":"https:\/\/blockart-agency.sites.qsandbox.com\/?page_id=563"},"modified":"2023-10-24T12:16:39","modified_gmt":"2023-10-24T12:16:39","slug":"chi-siamo","status":"publish","type":"page","link":"https:\/\/nuovarivetteriabolognese.it\/de\/chi-siamo\/","title":{"rendered":""},"content":{"rendered":"<div class=\"vce-row-container\" data-vce-boxed-width=\"true\"><div class=\"vce-row vce-row--col-gap-30 vce-row-equal-height vce-row-content--top\" id=\"el-8d4548ff\" data-vce-do-apply=\"all el-8d4548ff\"><div class=\"vce-row-content\" data-vce-element-content=\"true\"><div class=\"vce-col vce-col--md-auto vce-col--xs-1 vce-col--xs-last vce-col--xs-first vce-col--sm-last vce-col--sm-first vce-col--md-last vce-col--lg-last vce-col--xl-last vce-col--md-first vce-col--lg-first vce-col--xl-first\" id=\"el-241db850\"><div class=\"vce-col-inner\" data-vce-do-apply=\"border margin background  el-241db850\"><div class=\"vce-col-content\" data-vce-element-content=\"true\" data-vce-do-apply=\"padding el-241db850\"><div class=\"vce-text-block\"><div class=\"vce-text-block-wrapper vce\" id=\"el-fc302a8f\" data-vce-do-apply=\"all el-fc302a8f\"><\/div><\/div><section class=\"vce-hero-section-container vce-hero-section-media--xs vce-hero-section-media--sm vce-hero-section-media--md vce-hero-section-media--lg vce-hero-section-media--xl\"><div class=\"vce vce-hero-section\" id=\"el-e41e473c\" data-vce-do-apply=\"margin background border  el-e41e473c\"><div class=\"vce-hero-section--wrap-row\"><div class=\"vce-hero-section--wrap\"><div class=\"vce-hero-section--content\" data-vce-do-apply=\"padding el-e41e473c\"><div class=\"vce-hero-section--content-container\"><\/div><div><\/div><\/div><\/div><\/div><\/div><\/section><\/div><\/div><\/div><\/div><\/div><\/div><div class=\"vce-row-container\" data-vce-boxed-width=\"true\"><div class=\"vce-row vce-row--col-gap-30 vce-row-equal-height vce-row-content--top\" id=\"el-37539e0a\" data-vce-do-apply=\"all el-37539e0a\"><div class=\"vce-content-background-container\"><\/div><div class=\"vce-row-content\" data-vce-element-content=\"true\"><div class=\"vce-col vce-col--md-auto vce-col--xs-1 vce-col--xs-last vce-col--xs-first vce-col--sm-last vce-col--sm-first vce-col--md-first vce-col--lg-first vce-col--xl-first\" id=\"el-f26ba1de\"><div class=\"vce-col-inner\" data-vce-do-apply=\"border margin background  el-f26ba1de\"><div class=\"vce-col-content\" data-vce-element-content=\"true\" data-vce-do-apply=\"padding el-f26ba1de\"><div class=\"vce-simple-image-slider\" style=\"--backgroundPosition: center center; --pointerColor: #fff; --pointerColorHover: rgb(20, 185, 255);\"><div class=\"vce-simple-image-slider-wrapper vce\" id=\"el-fccca8f6\" data-vce-do-apply=\"all el-fccca8f6\"><div class=\"vce-simple-image-slider-helper vce-simple-image-slider-aspect-ratio--4-3\"><div class=\"vce-simple-image-slider-list\" data-slick-autoplay=\"on\" data-slick-autoplay-delay=\"5000\" data-slick-effect=\"slideIn\" data-slick-dots=\"on\" data-slick-arrows=\"off\"><div class=\"slick-list\"><div class=\"slick-track\"><div class=\"vce-simple-image-slider-item vc-slick-item\"><div style=\"background-image:url(https:\/\/nuovarivetteriabolognese.it\/wp-content\/uploads\/2022\/12\/chi_siamo1.jpg)\" class=\"vce-simple-image-slider-img\"><img decoding=\"async\" class=\"\" src=\"https:\/\/nuovarivetteriabolognese.it\/wp-content\/uploads\/2022\/12\/chi_siamo1.jpg\" style=\"opacity:0\" alt=\"\"><\/div><\/div><div class=\"vce-simple-image-slider-item vc-slick-item\"><div style=\"background-image:url(https:\/\/nuovarivetteriabolognese.it\/wp-content\/uploads\/2022\/12\/chi_siamo2.jpg)\" class=\"vce-simple-image-slider-img\"><img decoding=\"async\" class=\"\" src=\"https:\/\/nuovarivetteriabolognese.it\/wp-content\/uploads\/2022\/12\/chi_siamo2.jpg\" style=\"opacity:0\" alt=\"\"><\/div><\/div><\/div><\/div><\/div><div class=\"vce-simple-image-slider-dots\"><\/div><\/div><\/div><\/div><\/div><\/div><\/div><div class=\"vce-col vce-col--md-auto vce-col--xs-1 vce-col--xs-last vce-col--xs-first vce-col--sm-last vce-col--sm-first vce-col--md-last vce-col--lg-last vce-col--xl-last\" id=\"el-9497405f\"><div class=\"vce-col-inner\" data-vce-do-apply=\"border margin background  el-9497405f\"><div class=\"vce-col-content\" data-vce-element-content=\"true\" data-vce-do-apply=\"padding el-9497405f\"><div class=\"vce-text-block\"><div class=\"vce-text-block-wrapper vce\" id=\"el-fa157d38\" data-vce-do-apply=\"all el-fa157d38\"><h1>Gesellschaft<\/h1>\n<p>Im Jahr 1987 wurde die Firma Nuova Rivetteria Bolognese zum Eigentum der Sifi S.p.A. Gruppe; einer familiengef\u00fchrten Finanzierungsgesellschaft (gegenw\u00e4rtig t\u00e4tig im Bereich der Produktion von metallischen Verpackungen); deren Gesamtjahresumsatz bei 130 Millionen Euro liegt. \nAuf Grund seiner weitsichtigen Unternehmenspolitik hat NRB 2008 die Weltwirtschaftskrise unbeschadet \u00fcberstanden. Durch die Erweiterung seines Produktspektrums und die Spezialisierung auf au\u00dfergew\u00f6hnliche Geometrien und komplexen Teilen, hat NRB seine Marktanteile kontinuierlich ausgebaut. Diese Produkte fordern eine hohe technische Kompetenz, eine gr\u00fcndliche Planung und leistungsf\u00e4hige Mehrstufen-Pressen.<\/p><\/div><\/div><\/div><\/div><\/div><\/div><\/div><\/div><div class=\"vce-row-container\" data-vce-boxed-width=\"true\"><div class=\"vce-row vce-row--col-gap-30 vce-row-equal-height vce-row-content--top\" id=\"el-3346ffa5\" data-vce-do-apply=\"all el-3346ffa5\"><div class=\"vce-row-content\" data-vce-element-content=\"true\"><div class=\"vce-col vce-col--md-auto vce-col--xs-1 vce-col--xs-last vce-col--xs-first vce-col--sm-last vce-col--sm-first vce-col--md-last vce-col--lg-last vce-col--xl-last vce-col--md-first vce-col--lg-first vce-col--xl-first\" id=\"el-b22cde9c\"><div class=\"vce-col-inner\" data-vce-do-apply=\"border margin background  el-b22cde9c\"><div class=\"vce-col-content\" data-vce-element-content=\"true\" data-vce-do-apply=\"padding el-b22cde9c\"><div><\/div><\/div><\/div><\/div><\/div><\/div><\/div>","protected":false},"excerpt":{"rendered":"<p>Chi Siamo Nel 1987 l\u2019azienda Nuova Rivetteria Bolognese diventa propriet\u00e0 del Gruppo Sifi S.p.A., una societ\u00e0 finanziaria familiare (attiva attualmente anche nella produzione di imballi metallici) dal fatturato globale di 130 mil. Euro. Dopo aver resistito con successo alla grave crisi generale iniziata nel 2008, dal 2012 l\u2019azienda si pone l\u2019ambizioso obiettivo di ampliare il [&hellip;]<\/p>","protected":false},"author":1,"featured_media":0,"parent":0,"menu_order":0,"comment_status":"closed","ping_status":"closed","template":"page-templates\/pagebuilder.php","meta":{"footnotes":""},"class_list":["post-563","page","type-page","status-publish","hentry"],"_links":{"self":[{"href":"https:\/\/nuovarivetteriabolognese.it\/de\/wp-json\/wp\/v2\/pages\/563","targetHints":{"allow":["GET"]}}],"collection":[{"href":"https:\/\/nuovarivetteriabolognese.it\/de\/wp-json\/wp\/v2\/pages"}],"about":[{"href":"https:\/\/nuovarivetteriabolognese.it\/de\/wp-json\/wp\/v2\/types\/page"}],"author":[{"embeddable":true,"href":"https:\/\/nuovarivetteriabolognese.it\/de\/wp-json\/wp\/v2\/users\/1"}],"replies":[{"embeddable":true,"href":"https:\/\/nuovarivetteriabolognese.it\/de\/wp-json\/wp\/v2\/comments?post=563"}],"version-history":[{"count":10,"href":"https:\/\/nuovarivetteriabolognese.it\/de\/wp-json\/wp\/v2\/pages\/563\/revisions"}],"predecessor-version":[{"id":1999,"href":"https:\/\/nuovarivetteriabolognese.it\/de\/wp-json\/wp\/v2\/pages\/563\/revisions\/1999"}],"wp:attachment":[{"href":"https:\/\/nuovarivetteriabolognese.it\/de\/wp-json\/wp\/v2\/media?parent=563"}],"curies":[{"name":"wp","href":"https:\/\/api.w.org\/{rel}","templated":true}]}}