{"id":1259,"date":"2022-12-02T12:14:25","date_gmt":"2022-12-02T12:14:25","guid":{"rendered":"https:\/\/nuovarivetteriabolognese.it\/?page_id=1259"},"modified":"2023-02-07T12:09:19","modified_gmt":"2023-02-07T12:09:19","slug":"mobili-elettrodomestici-e-serramenti","status":"publish","type":"page","link":"https:\/\/nuovarivetteriabolognese.it\/en\/mobili-elettrodomestici-e-serramenti\/","title":{"rendered":"Furniture, appliances and windows"},"content":{"rendered":"<div class=\"vce-row-container\" data-vce-boxed-width=\"true\"><div class=\"vce-row vce-row--col-gap-30 vce-row-equal-height vce-row-content--top\" id=\"el-45b18a69\" data-vce-do-apply=\"all el-45b18a69\"><div class=\"vce-content-background-container\"><\/div><div class=\"vce-row-content\" data-vce-element-content=\"true\"><div class=\"vce-col vce-col--md-auto vce-col--xs-1 vce-col--xs-last vce-col--xs-first vce-col--sm-last vce-col--sm-first vce-col--md-last vce-col--lg-last vce-col--xl-last vce-col--md-first vce-col--lg-first vce-col--xl-first\" id=\"el-0f99f695\"><div class=\"vce-col-inner\" data-vce-do-apply=\"border margin background  el-0f99f695\"><div class=\"vce-col-content\" data-vce-element-content=\"true\" data-vce-do-apply=\"padding el-0f99f695\"><section class=\"vce-hero-section-container vce-hero-section-media--xs vce-hero-section-media--sm vce-hero-section-media--md vce-hero-section-media--lg vce-hero-section-media--xl\"><div class=\"vce vce-hero-section\" id=\"el-e96c7406\" data-vce-do-apply=\"margin background border  el-e96c7406\"><div class=\"vce-hero-section--wrap-row vce-hero-section--background-position-center-center\" style=\"background-image: url('https:\/\/nuovarivetteriabolognese.it\/wp-content\/uploads\/2022\/11\/precontent21-e1669823189816.jpg');\"><div class=\"vce-hero-section--wrap\"><div class=\"vce-hero-section--content\" data-vce-do-apply=\"padding el-e96c7406\"><div class=\"vce-hero-section--content-container\"><\/div><\/div><\/div><\/div><\/div><\/section><\/div><\/div><\/div><\/div><\/div><\/div><div class=\"vce-row-container\" data-vce-boxed-width=\"true\"><div class=\"vce-row vce-row--col-gap-30 vce-row-equal-height vce-row-content--top\" id=\"el-51344436\" data-vce-do-apply=\"all el-51344436\"><div class=\"vce-row-content\" data-vce-element-content=\"true\"><div class=\"vce-col vce-col--md-auto vce-col--xs-1 vce-col--xs-last vce-col--xs-first vce-col--sm-last vce-col--sm-first vce-col--md-first vce-col--lg-first vce-col--xl-first\" id=\"el-3db46621\"><div class=\"vce-col-inner\" data-vce-do-apply=\"border margin background  el-3db46621\"><div class=\"vce-col-content\" data-vce-element-content=\"true\" data-vce-do-apply=\"padding el-3db46621\"><div class=\"vce-text-block\"><div class=\"vce-text-block-wrapper vce\" id=\"el-626a6415\" data-vce-do-apply=\"all el-626a6415\"><h1>Furniture, appliances and windows<\/h1><p>Furniture, household electrical appliances , doors and windows\nProducts for hinges, joints, drawer tracks, legs, handles, locks, doors, shutters, sliding doors etc.<\/p><p>This branch represents the historical roots of Nuova Rivetteria Bolognese, from which the company was born and that was never abandoned; the great experience and competence, built through the years, allows us to serve the main Italian and European dealers, rapidly reacting to their demand for quality, convenience and service.<\/p><\/div><\/div><\/div><\/div><\/div><div class=\"vce-col vce-col--md-auto vce-col--xs-1 vce-col--xs-last vce-col--xs-first vce-col--sm-last vce-col--sm-first vce-col--md-last vce-col--lg-last vce-col--xl-last\" id=\"el-c0e23262\"><div class=\"vce-col-inner\" data-vce-do-apply=\"border margin background  el-c0e23262\"><div class=\"vce-col-content\" data-vce-element-content=\"true\" data-vce-do-apply=\"padding el-c0e23262\"><div class=\"vce-image-masonry-gallery\"><div class=\"vce-image-masonry-gallery-wrapper vce vce-image-masonry-gallery--gap-25 vce-image-masonry-gallery--columns-1\" id=\"el-d8b7818f\" data-vce-do-apply=\"all el-d8b7818f\"><div class=\"vce-image-masonry-gallery-list\"><div class=\"vce-image-masonry-gallery-column\"><div class=\"vce-image-masonry-gallery-item\"><img decoding=\"async\" class=\"vce-image-masonry-gallery-img\" src=\"https:\/\/nuovarivetteriabolognese.it\/wp-content\/uploads\/2022\/12\/calibro.jpg\" alt=\"\"><\/div><div class=\"vce-image-masonry-gallery-item\"><img decoding=\"async\" class=\"vce-image-masonry-gallery-img\" src=\"https:\/\/nuovarivetteriabolognese.it\/wp-content\/uploads\/2022\/12\/Elettrodomestici_serramenti.jpg\" alt=\"\"><\/div><\/div><\/div><\/div><\/div><\/div><\/div><\/div><\/div><\/div><\/div>","protected":false},"excerpt":{"rendered":"<p>Mobili, elettrodomestici e serramentiParti per cerniere, snodi, guide per cassetti, piedini, maniglie, serrature, porte, ante, ante ribalta, persiane, scorrevoli, ecc.Questo settore rappresenta la radice storica di Nuova Rivetteria Bolognese, sulla quale l\u2019azienda \u00e8 nata e che non ha mai abbandonato; la grande esperienza e professionalit\u00e0, consolidata negli anni, permette di servire le principali realt\u00e0 italiane [&hellip;]<\/p>","protected":false},"author":1,"featured_media":0,"parent":0,"menu_order":0,"comment_status":"closed","ping_status":"closed","template":"page-templates\/pagebuilder.php","meta":{"footnotes":""},"class_list":["post-1259","page","type-page","status-publish","hentry"],"_links":{"self":[{"href":"https:\/\/nuovarivetteriabolognese.it\/en\/wp-json\/wp\/v2\/pages\/1259","targetHints":{"allow":["GET"]}}],"collection":[{"href":"https:\/\/nuovarivetteriabolognese.it\/en\/wp-json\/wp\/v2\/pages"}],"about":[{"href":"https:\/\/nuovarivetteriabolognese.it\/en\/wp-json\/wp\/v2\/types\/page"}],"author":[{"embeddable":true,"href":"https:\/\/nuovarivetteriabolognese.it\/en\/wp-json\/wp\/v2\/users\/1"}],"replies":[{"embeddable":true,"href":"https:\/\/nuovarivetteriabolognese.it\/en\/wp-json\/wp\/v2\/comments?post=1259"}],"version-history":[{"count":3,"href":"https:\/\/nuovarivetteriabolognese.it\/en\/wp-json\/wp\/v2\/pages\/1259\/revisions"}],"predecessor-version":[{"id":1952,"href":"https:\/\/nuovarivetteriabolognese.it\/en\/wp-json\/wp\/v2\/pages\/1259\/revisions\/1952"}],"wp:attachment":[{"href":"https:\/\/nuovarivetteriabolognese.it\/en\/wp-json\/wp\/v2\/media?parent=1259"}],"curies":[{"name":"wp","href":"https:\/\/api.w.org\/{rel}","templated":true}]}}