{"id":1267,"date":"2022-12-02T12:15:20","date_gmt":"2022-12-02T12:15:20","guid":{"rendered":"https:\/\/nuovarivetteriabolognese.it\/?page_id=1267"},"modified":"2023-02-07T12:11:25","modified_gmt":"2023-02-07T12:11:25","slug":"ruote-fascette-cartotecnica-attrezzatura-sportiva","status":"publish","type":"page","link":"https:\/\/nuovarivetteriabolognese.it\/en\/ruote-fascette-cartotecnica-attrezzatura-sportiva\/","title":{"rendered":"Wheels, clamps, paper converting, sports equipment"},"content":{"rendered":"<div class=\"vce-row-container\" data-vce-boxed-width=\"true\"><div class=\"vce-row vce-row--col-gap-30 vce-row-equal-height vce-row-content--top\" id=\"el-d72cb23d\" data-vce-do-apply=\"all el-d72cb23d\"><div class=\"vce-content-background-container\"><\/div><div class=\"vce-row-content\" data-vce-element-content=\"true\"><div class=\"vce-col vce-col--md-auto vce-col--xs-1 vce-col--xs-last vce-col--xs-first vce-col--sm-last vce-col--sm-first vce-col--md-last vce-col--lg-last vce-col--xl-last vce-col--md-first vce-col--lg-first vce-col--xl-first\" id=\"el-1a94e5b1\"><div class=\"vce-col-inner\" data-vce-do-apply=\"border margin background  el-1a94e5b1\"><div class=\"vce-col-content\" data-vce-element-content=\"true\" data-vce-do-apply=\"padding el-1a94e5b1\"><section class=\"vce-hero-section-container vce-hero-section-media--xs vce-hero-section-media--sm vce-hero-section-media--md vce-hero-section-media--lg vce-hero-section-media--xl\"><div class=\"vce vce-hero-section\" id=\"el-92cde311\" data-vce-do-apply=\"margin background border  el-92cde311\"><div class=\"vce-hero-section--wrap-row vce-hero-section--background-position-center-center\" style=\"background-image: url('https:\/\/nuovarivetteriabolognese.it\/wp-content\/uploads\/2022\/11\/precontent21-e1669823189816.jpg');\"><div class=\"vce-hero-section--wrap\"><div class=\"vce-hero-section--content\" data-vce-do-apply=\"padding el-92cde311\"><div class=\"vce-hero-section--content-container\"><\/div><\/div><\/div><\/div><\/div><\/section><\/div><\/div><\/div><\/div><\/div><\/div><div class=\"vce-row-container\" data-vce-boxed-width=\"true\"><div class=\"vce-row vce-row--col-gap-30 vce-row-equal-height vce-row-content--top\" id=\"el-690b783f\" data-vce-do-apply=\"all el-690b783f\"><div class=\"vce-content-background-container\"><\/div><div class=\"vce-row-content\" data-vce-element-content=\"true\"><div class=\"vce-col vce-col--md-auto vce-col--xs-1 vce-col--xs-last vce-col--xs-first vce-col--sm-last vce-col--sm-first vce-col--md-first vce-col--lg-first vce-col--xl-first\" id=\"el-c6189f4d\"><div class=\"vce-col-inner\" data-vce-do-apply=\"border margin background  el-c6189f4d\"><div class=\"vce-col-content\" data-vce-element-content=\"true\" data-vce-do-apply=\"padding el-c6189f4d\"><div class=\"vce-text-block\"><div class=\"vce-text-block-wrapper vce\" id=\"el-3ac5b114\" data-vce-do-apply=\"all el-3ac5b114\"><h1>Wheels, clamps, paper converting, sports equipment<\/h1><p>Screws, nuts, rivets, and bolts are apparently unimportant items, but they have remarkable production complexity and a vastness of applications.<\/p><p>Nuova Rivetteria Bolognese, throughout the years, had the possibility to engage in most of such applications, always achieving the expected goals.<\/p><\/div><\/div><\/div><\/div><\/div><div class=\"vce-col vce-col--md-auto vce-col--xs-1 vce-col--xs-last vce-col--xs-first vce-col--sm-last vce-col--sm-first vce-col--md-last vce-col--lg-last vce-col--xl-last\" id=\"el-10eb4808\"><div class=\"vce-col-inner\" data-vce-do-apply=\"border margin background  el-10eb4808\"><div class=\"vce-col-content\" data-vce-element-content=\"true\" data-vce-do-apply=\"padding el-10eb4808\"><div class=\"vce-image-masonry-gallery\"><div class=\"vce-image-masonry-gallery-wrapper vce vce-image-masonry-gallery--gap-25 vce-image-masonry-gallery--columns-1\" id=\"el-791763f6\" data-vce-do-apply=\"all el-791763f6\"><div class=\"vce-image-masonry-gallery-list\"><div class=\"vce-image-masonry-gallery-column\"><div class=\"vce-image-masonry-gallery-item\"><img decoding=\"async\" class=\"vce-image-masonry-gallery-img\" src=\"https:\/\/nuovarivetteriabolognese.it\/wp-content\/uploads\/2022\/12\/calibro.jpg\" alt=\"\"><\/div><div class=\"vce-image-masonry-gallery-item\"><img decoding=\"async\" class=\"vce-image-masonry-gallery-img\" src=\"https:\/\/nuovarivetteriabolognese.it\/wp-content\/uploads\/2022\/12\/ruote.jpg\" alt=\"\"><\/div><\/div><\/div><\/div><\/div><\/div><\/div><\/div><\/div><\/div><\/div>","protected":false},"excerpt":{"rendered":"<p>Ruote, fascette, cartotecnica, attrezzatura sportivaViti, dadi, perni, ribattini, sono oggetti apparentemente di poco conto, ma che hanno una complessit\u00e0 di processo e una vastit\u00e0 di applicazioni di tutto rispetto.NRB, negli anni, ha avuto la possibilit\u00e0 di cimentarsi con successo nella maggior parte dei loro campi di utilizzazione, con risultati sempre all\u2019altezza delle aspettative.<\/p>","protected":false},"author":1,"featured_media":0,"parent":0,"menu_order":0,"comment_status":"closed","ping_status":"closed","template":"page-templates\/pagebuilder.php","meta":{"footnotes":""},"class_list":["post-1267","page","type-page","status-publish","hentry"],"_links":{"self":[{"href":"https:\/\/nuovarivetteriabolognese.it\/en\/wp-json\/wp\/v2\/pages\/1267","targetHints":{"allow":["GET"]}}],"collection":[{"href":"https:\/\/nuovarivetteriabolognese.it\/en\/wp-json\/wp\/v2\/pages"}],"about":[{"href":"https:\/\/nuovarivetteriabolognese.it\/en\/wp-json\/wp\/v2\/types\/page"}],"author":[{"embeddable":true,"href":"https:\/\/nuovarivetteriabolognese.it\/en\/wp-json\/wp\/v2\/users\/1"}],"replies":[{"embeddable":true,"href":"https:\/\/nuovarivetteriabolognese.it\/en\/wp-json\/wp\/v2\/comments?post=1267"}],"version-history":[{"count":4,"href":"https:\/\/nuovarivetteriabolognese.it\/en\/wp-json\/wp\/v2\/pages\/1267\/revisions"}],"predecessor-version":[{"id":1954,"href":"https:\/\/nuovarivetteriabolognese.it\/en\/wp-json\/wp\/v2\/pages\/1267\/revisions\/1954"}],"wp:attachment":[{"href":"https:\/\/nuovarivetteriabolognese.it\/en\/wp-json\/wp\/v2\/media?parent=1267"}],"curies":[{"name":"wp","href":"https:\/\/api.w.org\/{rel}","templated":true}]}}