{"id":1228,"date":"2022-12-01T22:05:38","date_gmt":"2022-12-01T22:05:38","guid":{"rendered":"https:\/\/nuovarivetteriabolognese.it\/?page_id=1228"},"modified":"2022-12-07T11:13:18","modified_gmt":"2022-12-07T11:13:18","slug":"range-produttivo","status":"publish","type":"page","link":"https:\/\/nuovarivetteriabolognese.it\/fr\/range-produttivo\/","title":{"rendered":"Gamme productive"},"content":{"rendered":"<div class=\"vce-row-container\" data-vce-boxed-width=\"true\"><div class=\"vce-row vce-row--col-gap-30 vce-row-equal-height vce-row-content--top\" id=\"el-b40955ef\" data-vce-do-apply=\"all el-b40955ef\"><div class=\"vce-content-background-container\"><\/div><div class=\"vce-row-content\" data-vce-element-content=\"true\"><div class=\"vce-col vce-col--md-auto vce-col--xs-1 vce-col--xs-last vce-col--xs-first vce-col--sm-last vce-col--sm-first vce-col--md-last vce-col--lg-last vce-col--xl-last vce-col--md-first vce-col--lg-first vce-col--xl-first\" id=\"el-efa9a6af\"><div class=\"vce-col-inner\" data-vce-do-apply=\"border margin background  el-efa9a6af\"><div class=\"vce-col-content\" data-vce-element-content=\"true\" data-vce-do-apply=\"padding el-efa9a6af\"><section class=\"vce-hero-section-container vce-hero-section-media--xs vce-hero-section-media--sm vce-hero-section-media--md vce-hero-section-media--lg vce-hero-section-media--xl\"><div class=\"vce vce-hero-section\" id=\"el-97c58303\" data-vce-do-apply=\"margin background border  el-97c58303\"><div class=\"vce-hero-section--wrap-row vce-hero-section--background-position-center-center\" style=\"background-image: url('https:\/\/nuovarivetteriabolognese.it\/wp-content\/uploads\/2022\/11\/precontent21-e1669823189816.jpg');\"><div class=\"vce-hero-section--wrap\"><div class=\"vce-hero-section--content\" data-vce-do-apply=\"padding el-97c58303\"><div class=\"vce-hero-section--content-container\"><\/div><\/div><\/div><\/div><\/div><\/section><\/div><\/div><\/div><\/div><\/div><\/div><div class=\"vce-row-container\" data-vce-boxed-width=\"true\"><div class=\"vce-row vce-row--col-gap-30 vce-row-equal-height vce-row-content--top\" id=\"el-27efea14\" data-vce-do-apply=\"all el-27efea14\"><div class=\"vce-content-background-container\"><\/div><div class=\"vce-row-content\" data-vce-element-content=\"true\"><div class=\"vce-col vce-col--md-auto vce-col--xs-1 vce-col--xs-last vce-col--xs-first vce-col--sm-last vce-col--sm-first vce-col--md-first vce-col--lg-first vce-col--xl-first\" id=\"el-b96232cd\"><div class=\"vce-col-inner\" data-vce-do-apply=\"border margin background  el-b96232cd\"><div class=\"vce-col-content\" data-vce-element-content=\"true\" data-vce-do-apply=\"padding el-b96232cd\"><div class=\"vce-single-image-container vce-single-image--align-left\"><div class=\"vce vce-single-image-wrapper\" id=\"el-795751a2\" data-vce-do-apply=\"all el-795751a2\"><figure><div class=\"vce-single-image-figure-inner\" style=\"width: 700px;\"><div class=\"vce-single-image-inner vce-single-image--absolute\" style=\"width: 100%; padding-bottom: 100%;\"><img loading=\"lazy\" decoding=\"async\" class=\"vce-single-image\"  width=\"700\" height=\"700\" srcset=\"https:\/\/nuovarivetteriabolognese.it\/wp-content\/uploads\/2022\/12\/11NRB_lavorazioni_0254-320x320.jpg 320w, https:\/\/nuovarivetteriabolognese.it\/wp-content\/uploads\/2022\/12\/11NRB_lavorazioni_0254-480x480.jpg 480w, https:\/\/nuovarivetteriabolognese.it\/wp-content\/uploads\/2022\/12\/11NRB_lavorazioni_0254-700x700.jpg 700w\" src=\"https:\/\/nuovarivetteriabolognese.it\/wp-content\/uploads\/2022\/12\/11NRB_lavorazioni_0254-700x700.jpg\" data-img-src=\"https:\/\/nuovarivetteriabolognese.it\/wp-content\/uploads\/2022\/12\/11NRB_lavorazioni_0254.jpg\" data-attachment-id=\"1350\"  alt=\"\" title=\"11NRB_lavorazioni_0254\" \/><\/div><\/div><figcaption hidden=\"\"><\/figcaption><\/figure><\/div><\/div><\/div><\/div><\/div><div class=\"vce-col vce-col--md-auto vce-col--xs-1 vce-col--xs-last vce-col--xs-first vce-col--sm-last vce-col--sm-first vce-col--md-last vce-col--lg-last vce-col--xl-last\" id=\"el-e0b3cf95\"><div class=\"vce-col-inner\" data-vce-do-apply=\"border margin background  el-e0b3cf95\"><div class=\"vce-col-content\" data-vce-element-content=\"true\" data-vce-do-apply=\"padding el-e0b3cf95\"><div class=\"vce-text-block\"><div class=\"vce-text-block-wrapper vce\" id=\"el-3aafd717\" data-vce-do-apply=\"all el-3aafd717\"><p class=\" translation-block\">NRB est en mesure de produire articles de M1,5 \u00e0 M16 ; les longueurs peuvent arriver \u00e0 200 mm pour diam\u00e8tre jusqu\u2019\u00e0 M8, et 90 mm pour diam\u00e8tre jusqu\u2019\u00e0 M12 ; les pi\u00e8ces sans filetage peuvent arriver \u00e0 90 mm de longueur par 16 mm de diam\u00e8tre. La gamme d\u2019empreinte et filetages couvre quelconque demande du client, est enfin possible r\u00e9aliser des marquages personnalis\u00e9s.<\/p><h2>Typologies de produits :<\/h2><ul><li style=\"list-style-type: none;\"><ul id=\"g1-list-1\" class=\"g1-list--icon g1-list--none\"><li><i class=\"icon-check g1-list__icon\"><\/i>\u00c9crous selon plan<\/li><li><i class=\"icon-check g1-list__icon\"><\/i>Bagues<\/li><li><i class=\"icon-check g1-list__icon\"><\/i>Vis et goujons avec gorge<\/li><li><i class=\"icon-check g1-list__icon\"><\/i>Vis a souder<\/li><li><i class=\"icon-check g1-list__icon\"><\/i>Goujons<\/li><li><i class=\"icon-check g1-list__icon\"><\/i>Excentriques<\/li><li><i class=\"icon-check g1-list__icon\"><\/i>Vis \u00e0 embase<\/li><li><i class=\"icon-check g1-list__icon\"><\/i>Rivets pleins et semi-for\u00e9s<\/li><li><i class=\"icon-check g1-list__icon\"><\/i>Vis et goujons crant\u00e9s et filet\u00e9s<\/li><li><i class=\"icon-check g1-list__icon\"><\/i>Vis \u00e0 t\u00eate hexagonale<\/li><li><i class=\"icon-check g1-list__icon\"><\/i>Via \u00e0 t\u00eate moul\u00e9e<\/li><li><i class=\"icon-check g1-list__icon\"><\/i>Vis \u00e0 rondel<\/li><li><i class=\"icon-check g1-list__icon\"><\/i>Vis \u00e0 hexagone creux et 6 lobes<\/li><\/ul><\/li><\/ul><h2>Quelques exemples d\u2019empreinte:<\/h2><p>fente, pozidriv, phillips, carr\u00e9 sous t\u00eate, t\u00eate carr\u00e9e, pozi+fente, phillips+fente, hexagone creux, aucune empreinte, snake eyes, 6 lobes, empreinte trilob\u00e9e, one way, combi-6 lobes, 6 lobes inviolable, hexagone creux inviolable.<\/p><h2>Quelque type de filetage:<\/h2><p>m\u00e9trique (fin de filetage selon DIN 78: chanfrein, pointe, p\u00e9doncule, semi-foret), trilob\u00e9 selon DIN 7500, autotaradeuse selon DIN 7513\/16, \u00e0 t\u00f4le avec ou sans pointe, agglo avec ou sans pointe, autoper\u00e7ant selon DIN 7504, filetage plastique.<\/p><\/div><\/div><\/div><\/div><\/div><\/div><\/div><\/div>","protected":false},"excerpt":{"rendered":"<p>Nuova Rivetteria Bolognese \u00e8 in grado di produrre particolari da M1,5 a M16; le lunghezze possono arrivare&nbsp;a 200mm per M8 o inferiori, e fino a 90mm per M12; i particolari non filettati possono arrivare ad un&nbsp;diametro 16mm e lunghezza 90mm.La gamma di impronte e filetti copre qualsiasi richiesta del cliente, \u00e8&nbsp;inoltre possibile richiedere marcature personalizzate.Tipologie [&hellip;]<\/p>","protected":false},"author":1,"featured_media":0,"parent":0,"menu_order":0,"comment_status":"closed","ping_status":"closed","template":"page-templates\/pagebuilder.php","meta":{"footnotes":""},"class_list":["post-1228","page","type-page","status-publish","hentry"],"_links":{"self":[{"href":"https:\/\/nuovarivetteriabolognese.it\/fr\/wp-json\/wp\/v2\/pages\/1228","targetHints":{"allow":["GET"]}}],"collection":[{"href":"https:\/\/nuovarivetteriabolognese.it\/fr\/wp-json\/wp\/v2\/pages"}],"about":[{"href":"https:\/\/nuovarivetteriabolognese.it\/fr\/wp-json\/wp\/v2\/types\/page"}],"author":[{"embeddable":true,"href":"https:\/\/nuovarivetteriabolognese.it\/fr\/wp-json\/wp\/v2\/users\/1"}],"replies":[{"embeddable":true,"href":"https:\/\/nuovarivetteriabolognese.it\/fr\/wp-json\/wp\/v2\/comments?post=1228"}],"version-history":[{"count":2,"href":"https:\/\/nuovarivetteriabolognese.it\/fr\/wp-json\/wp\/v2\/pages\/1228\/revisions"}],"predecessor-version":[{"id":1351,"href":"https:\/\/nuovarivetteriabolognese.it\/fr\/wp-json\/wp\/v2\/pages\/1228\/revisions\/1351"}],"wp:attachment":[{"href":"https:\/\/nuovarivetteriabolognese.it\/fr\/wp-json\/wp\/v2\/media?parent=1228"}],"curies":[{"name":"wp","href":"https:\/\/api.w.org\/{rel}","templated":true}]}}