{"id":1265,"date":"2022-12-02T12:15:03","date_gmt":"2022-12-02T12:15:03","guid":{"rendered":"https:\/\/nuovarivetteriabolognese.it\/?page_id=1265"},"modified":"2022-12-07T10:38:32","modified_gmt":"2022-12-07T10:38:32","slug":"medicale","status":"publish","type":"page","link":"https:\/\/nuovarivetteriabolognese.it\/fr\/medicale\/","title":{"rendered":"M\u00e9dicale"},"content":{"rendered":"<div class=\"vce-row-container\" data-vce-boxed-width=\"true\"><div class=\"vce-row vce-row--col-gap-30 vce-row-equal-height vce-row-content--top\" id=\"el-8f62011b\" data-vce-do-apply=\"all el-8f62011b\"><div class=\"vce-content-background-container\"><\/div><div class=\"vce-row-content\" data-vce-element-content=\"true\"><div class=\"vce-col vce-col--md-auto vce-col--xs-1 vce-col--xs-last vce-col--xs-first vce-col--sm-last vce-col--sm-first vce-col--md-last vce-col--lg-last vce-col--xl-last vce-col--md-first vce-col--lg-first vce-col--xl-first\" id=\"el-4fae6454\"><div class=\"vce-col-inner\" data-vce-do-apply=\"border margin background  el-4fae6454\"><div class=\"vce-col-content\" data-vce-element-content=\"true\" data-vce-do-apply=\"padding el-4fae6454\"><section class=\"vce-hero-section-container vce-hero-section-media--xs vce-hero-section-media--sm vce-hero-section-media--md vce-hero-section-media--lg vce-hero-section-media--xl\"><div class=\"vce vce-hero-section\" id=\"el-141aa42a\" data-vce-do-apply=\"margin background border  el-141aa42a\"><div class=\"vce-hero-section--wrap-row vce-hero-section--background-position-center-center\" style=\"background-image: url('https:\/\/nuovarivetteriabolognese.it\/wp-content\/uploads\/2022\/11\/precontent21-e1669823189816.jpg');\"><div class=\"vce-hero-section--wrap\"><div class=\"vce-hero-section--content\" data-vce-do-apply=\"padding el-141aa42a\"><div class=\"vce-hero-section--content-container\"><\/div><\/div><\/div><\/div><\/div><\/section><\/div><\/div><\/div><\/div><\/div><\/div><div class=\"vce-row-container\" data-vce-boxed-width=\"true\"><div class=\"vce-row vce-row--col-gap-30 vce-row-equal-height vce-row-content--top\" id=\"el-0cc29cf3\" data-vce-do-apply=\"all el-0cc29cf3\"><div class=\"vce-content-background-container\"><\/div><div class=\"vce-row-content\" data-vce-element-content=\"true\"><div class=\"vce-col vce-col--md-auto vce-col--xs-1 vce-col--xs-last vce-col--xs-first vce-col--sm-last vce-col--sm-first vce-col--md-first vce-col--lg-first vce-col--xl-first\" id=\"el-54c56748\"><div class=\"vce-col-inner\" data-vce-do-apply=\"border margin background  el-54c56748\"><div class=\"vce-col-content\" data-vce-element-content=\"true\" data-vce-do-apply=\"padding el-54c56748\"><div class=\"vce-text-block\"><div class=\"vce-text-block-wrapper vce\" id=\"el-43d6751c\" data-vce-do-apply=\"all el-43d6751c\"><h1>M\u00e9dicale<\/h1>\n<p class=\" translation-block\">Articles pour corsets, proth\u00e8ses et orthop\u00e9die.\nLa province de Bologne est depuis longtemps un important centre orthop\u00e9dique, qui tra\u00eene un induit industriel relevant; les r\u00e9alit\u00e9s satellites ont n\u00e9cessit\u00e9 de s\u2019approvisionner chez des partenaire fiables. NRB est un de ceux partenaires, quand m\u00eame en consid\u00e9ration de sa comp\u00e9tence dans la frappe \u00e0 froid de l\u2019acier inox.<\/p><\/div><\/div><\/div><\/div><\/div><div class=\"vce-col vce-col--md-auto vce-col--xs-1 vce-col--xs-last vce-col--xs-first vce-col--sm-last vce-col--sm-first vce-col--md-last vce-col--lg-last vce-col--xl-last\" id=\"el-2f688203\"><div class=\"vce-col-inner\" data-vce-do-apply=\"border margin background  el-2f688203\"><div class=\"vce-col-content\" data-vce-element-content=\"true\" data-vce-do-apply=\"padding el-2f688203\"><div class=\"vce-image-masonry-gallery\"><div class=\"vce-image-masonry-gallery-wrapper vce vce-image-masonry-gallery--gap-25 vce-image-masonry-gallery--columns-1\" id=\"el-3a77078c\" data-vce-do-apply=\"all el-3a77078c\"><div class=\"vce-image-masonry-gallery-list\"><div class=\"vce-image-masonry-gallery-column\"><div class=\"vce-image-masonry-gallery-item\"><img decoding=\"async\" class=\"vce-image-masonry-gallery-img\" src=\"https:\/\/nuovarivetteriabolognese.it\/wp-content\/uploads\/2022\/12\/calibro-1.jpg\" alt=\"\"><\/div><div class=\"vce-image-masonry-gallery-item\"><img decoding=\"async\" class=\"vce-image-masonry-gallery-img\" src=\"https:\/\/nuovarivetteriabolognese.it\/wp-content\/uploads\/2022\/12\/Medicale.jpg\" alt=\"\"><\/div><\/div><\/div><\/div><\/div><\/div><\/div><\/div><\/div><\/div><\/div>","protected":false},"excerpt":{"rendered":"<p>Medicale Parti per corsetti, protesi e ortopedia.La provincia di Bologna \u00e8 da lungo tempo un importante centro ortopedico, trascinando un indotto importante; le realt\u00e0 satelliti hanno necessit\u00e0 di rifornirsi da partner affidabili. NRB \u00e8 uno di questi partner, in considerazione anche della competenza nello stampaggio dell\u2019acciaio inox.<\/p>","protected":false},"author":1,"featured_media":0,"parent":0,"menu_order":0,"comment_status":"closed","ping_status":"closed","template":"page-templates\/pagebuilder.php","meta":{"footnotes":""},"class_list":["post-1265","page","type-page","status-publish","hentry"],"_links":{"self":[{"href":"https:\/\/nuovarivetteriabolognese.it\/fr\/wp-json\/wp\/v2\/pages\/1265","targetHints":{"allow":["GET"]}}],"collection":[{"href":"https:\/\/nuovarivetteriabolognese.it\/fr\/wp-json\/wp\/v2\/pages"}],"about":[{"href":"https:\/\/nuovarivetteriabolognese.it\/fr\/wp-json\/wp\/v2\/types\/page"}],"author":[{"embeddable":true,"href":"https:\/\/nuovarivetteriabolognese.it\/fr\/wp-json\/wp\/v2\/users\/1"}],"replies":[{"embeddable":true,"href":"https:\/\/nuovarivetteriabolognese.it\/fr\/wp-json\/wp\/v2\/comments?post=1265"}],"version-history":[{"count":4,"href":"https:\/\/nuovarivetteriabolognese.it\/fr\/wp-json\/wp\/v2\/pages\/1265\/revisions"}],"predecessor-version":[{"id":1331,"href":"https:\/\/nuovarivetteriabolognese.it\/fr\/wp-json\/wp\/v2\/pages\/1265\/revisions\/1331"}],"wp:attachment":[{"href":"https:\/\/nuovarivetteriabolognese.it\/fr\/wp-json\/wp\/v2\/media?parent=1265"}],"curies":[{"name":"wp","href":"https:\/\/api.w.org\/{rel}","templated":true}]}}