{"id":1289,"date":"2022-12-06T11:05:37","date_gmt":"2022-12-06T11:05:37","guid":{"rendered":"https:\/\/nuovarivetteriabolognese.it\/?page_id=1289"},"modified":"2023-02-07T12:13:56","modified_gmt":"2023-02-07T12:13:56","slug":"reparto-selezione","status":"publish","type":"page","link":"https:\/\/nuovarivetteriabolognese.it\/fr\/reparto-selezione\/","title":{"rendered":"D\u00e9partement de tri"},"content":{"rendered":"<div class=\"vce-row-container\" data-vce-boxed-width=\"true\"><div class=\"vce-row vce-row--col-gap-30 vce-row-equal-height vce-row-content--top\" id=\"el-69656b38\" data-vce-do-apply=\"all el-69656b38\"><div class=\"vce-content-background-container\"><\/div><div class=\"vce-row-content\" data-vce-element-content=\"true\"><div class=\"vce-col vce-col--md-auto vce-col--xs-1 vce-col--xs-last vce-col--xs-first vce-col--sm-last vce-col--sm-first vce-col--md-last vce-col--lg-last vce-col--xl-last vce-col--md-first vce-col--lg-first vce-col--xl-first\" id=\"el-5758325b\"><div class=\"vce-col-inner\" data-vce-do-apply=\"border margin background  el-5758325b\"><div class=\"vce-col-content\" data-vce-element-content=\"true\" data-vce-do-apply=\"padding el-5758325b\"><section class=\"vce-hero-section-container vce-hero-section-media--xs vce-hero-section-media--sm vce-hero-section-media--md vce-hero-section-media--lg vce-hero-section-media--xl\"><div class=\"vce vce-hero-section\" id=\"el-81d229c8\" data-vce-do-apply=\"margin background border  el-81d229c8\"><div class=\"vce-hero-section--wrap-row vce-hero-section--background-position-center-center\" style=\"background-image: url('https:\/\/nuovarivetteriabolognese.it\/wp-content\/uploads\/2022\/11\/precontent21-e1669823189816.jpg');\"><div class=\"vce-hero-section--wrap\"><div class=\"vce-hero-section--content\" data-vce-do-apply=\"padding el-81d229c8\"><div class=\"vce-hero-section--content-container\"><\/div><\/div><\/div><\/div><\/div><\/section><\/div><\/div><\/div><\/div><\/div><\/div><div class=\"vce-row-container\" data-vce-boxed-width=\"true\"><div class=\"vce-row vce-row--col-gap-30 vce-row-equal-height vce-row-content--top\" id=\"el-9818267a\" data-vce-do-apply=\"all el-9818267a\"><div class=\"vce-content-background-container\"><\/div><div class=\"vce-row-content\" data-vce-element-content=\"true\"><div class=\"vce-col vce-col--md-auto vce-col--xs-1 vce-col--xs-last vce-col--xs-first vce-col--sm-last vce-col--sm-first vce-col--md-first vce-col--lg-first vce-col--xl-first\" id=\"el-adb3a2b5\"><div class=\"vce-col-inner\" data-vce-do-apply=\"border margin background  el-adb3a2b5\"><div class=\"vce-col-content\" data-vce-element-content=\"true\" data-vce-do-apply=\"padding el-adb3a2b5\"><div class=\"vce-single-image-container vce-single-image--align-left\"><div class=\"vce vce-single-image-wrapper\" id=\"el-77393ab1\" data-vce-do-apply=\"all el-77393ab1\"><figure><div class=\"vce-single-image-figure-inner\" style=\"width: 700px;\"><div class=\"vce-single-image-inner vce-single-image--absolute\" style=\"width: 100%; padding-bottom: 100%;\"><img loading=\"lazy\" decoding=\"async\" class=\"vce-single-image\"  width=\"700\" height=\"700\" srcset=\"https:\/\/nuovarivetteriabolognese.it\/wp-content\/uploads\/2022\/12\/NRB_lavorazioni_0331-320x320.jpg 320w, https:\/\/nuovarivetteriabolognese.it\/wp-content\/uploads\/2022\/12\/NRB_lavorazioni_0331-480x480.jpg 480w, https:\/\/nuovarivetteriabolognese.it\/wp-content\/uploads\/2023\/02\/NRB_lavorazioni_0331-700x700.jpg 700w\" src=\"https:\/\/nuovarivetteriabolognese.it\/wp-content\/uploads\/2023\/02\/NRB_lavorazioni_0331-700x700.jpg\" data-img-src=\"https:\/\/nuovarivetteriabolognese.it\/wp-content\/uploads\/2022\/12\/NRB_lavorazioni_0331.jpg\" data-attachment-id=\"1346\"  alt=\"\" title=\"NRB_lavorazioni_0331\" \/><\/div><\/div><figcaption hidden=\"\"><\/figcaption><\/figure><\/div><\/div><\/div><\/div><\/div><div class=\"vce-col vce-col--md-auto vce-col--xs-1 vce-col--xs-last vce-col--xs-first vce-col--sm-last vce-col--sm-first vce-col--md-last vce-col--lg-last vce-col--xl-last\" id=\"el-fa2f9e2c\"><div class=\"vce-col-inner\" data-vce-do-apply=\"border margin background  el-fa2f9e2c\"><div class=\"vce-col-content\" data-vce-element-content=\"true\" data-vce-do-apply=\"padding el-fa2f9e2c\"><div class=\"vce-text-block\"><div class=\"vce-text-block-wrapper vce\" id=\"el-0cc734d5\" data-vce-do-apply=\"all el-0cc734d5\"><p class=\" translation-block\">Le progr\u00e8s industriel fait  de plus en plus emploi du montage automatique; afin d\u2019\u00e9viter des interruption dans les lignes des client, il est cependant fondamental que les lots pr\u00e9sentent un \u00e9cart minimum si non nul, selon le cas. \u00c0 ce propos, un efficient d\u00e9partement de tri est strat\u00e9gique.   \nLe d\u00e9partement de tri es pourvu de machines \u00e0 disque tournant, \u00e0 disque de vitre, \u00e0 laser, \u00e0 rouleaux.<\/p><\/div><\/div><\/div><\/div><\/div><\/div><\/div><\/div>","protected":false},"excerpt":{"rendered":"<p class=\" translation-block\">Le progr\u00e8s industriel fait  de plus en plus emploi du montage automatique; afin d\u2019\u00e9viter des interruption dans les lignes des client, il est cependant fondamental que les lots pr\u00e9sentent un \u00e9cart minimum si non nul, selon le cas. \u00c0 ce propos, un efficient d\u00e9partement de tri est strat\u00e9gique.   \nLe d\u00e9partement de tri es pourvu de machines \u00e0 disque tournant, \u00e0 disque de vitre, \u00e0 laser, \u00e0 rouleaux.<\/p>","protected":false},"author":1,"featured_media":0,"parent":0,"menu_order":0,"comment_status":"closed","ping_status":"closed","template":"page-templates\/pagebuilder.php","meta":{"footnotes":""},"class_list":["post-1289","page","type-page","status-publish","hentry"],"_links":{"self":[{"href":"https:\/\/nuovarivetteriabolognese.it\/fr\/wp-json\/wp\/v2\/pages\/1289","targetHints":{"allow":["GET"]}}],"collection":[{"href":"https:\/\/nuovarivetteriabolognese.it\/fr\/wp-json\/wp\/v2\/pages"}],"about":[{"href":"https:\/\/nuovarivetteriabolognese.it\/fr\/wp-json\/wp\/v2\/types\/page"}],"author":[{"embeddable":true,"href":"https:\/\/nuovarivetteriabolognese.it\/fr\/wp-json\/wp\/v2\/users\/1"}],"replies":[{"embeddable":true,"href":"https:\/\/nuovarivetteriabolognese.it\/fr\/wp-json\/wp\/v2\/comments?post=1289"}],"version-history":[{"count":3,"href":"https:\/\/nuovarivetteriabolognese.it\/fr\/wp-json\/wp\/v2\/pages\/1289\/revisions"}],"predecessor-version":[{"id":1956,"href":"https:\/\/nuovarivetteriabolognese.it\/fr\/wp-json\/wp\/v2\/pages\/1289\/revisions\/1956"}],"wp:attachment":[{"href":"https:\/\/nuovarivetteriabolognese.it\/fr\/wp-json\/wp\/v2\/media?parent=1289"}],"curies":[{"name":"wp","href":"https:\/\/api.w.org\/{rel}","templated":true}]}}